{"id":1227938,"date":"2026-03-18T02:36:52","date_gmt":"2026-03-18T00:36:52","guid":{"rendered":"https:\/\/ventspils.citro.lv\/veikals\/skabeti-kaposti-sver-latvija\/"},"modified":"2026-04-23T13:17:46","modified_gmt":"2026-04-23T10:17:46","slug":"skabeti-kaposti-sver-latvija","status":"publish","type":"product","link":"https:\/\/ventspils.citro.lv\/ru\/veikals\/skabeti-kaposti-sver-latvija\/","title":{"rendered":"Sk\u0101b\u0113ti k\u0101posti sver. Latvija"},"content":{"rendered":"","protected":false},"excerpt":{"rendered":"<p>1.36 \u20ac\/kg<\/p>\n","protected":false},"featured_media":0,"template":"","meta":{"_acf_changed":false,"inline_featured_image":false},"product_cat":[97,159],"product_tag":[],"acf":[],"aioseo_notices":[],"_links":{"self":[{"href":"https:\/\/ventspils.citro.lv\/ru\/wp-json\/wp\/v2\/product\/1227938"}],"collection":[{"href":"https:\/\/ventspils.citro.lv\/ru\/wp-json\/wp\/v2\/product"}],"about":[{"href":"https:\/\/ventspils.citro.lv\/ru\/wp-json\/wp\/v2\/types\/product"}],"wp:attachment":[{"href":"https:\/\/ventspils.citro.lv\/ru\/wp-json\/wp\/v2\/media?parent=1227938"}],"wp:term":[{"taxonomy":"product_cat","embeddable":true,"href":"https:\/\/ventspils.citro.lv\/ru\/wp-json\/wp\/v2\/product_cat?post=1227938"},{"taxonomy":"product_tag","embeddable":true,"href":"https:\/\/ventspils.citro.lv\/ru\/wp-json\/wp\/v2\/product_tag?post=1227938"}],"curies":[{"name":"wp","href":"https:\/\/api.w.org\/{rel}","templated":true}]}}