{"id":1227917,"date":"2026-05-08T01:54:02","date_gmt":"2026-05-07T22:54:02","guid":{"rendered":"https:\/\/ventspils.citro.lv\/veikals\/avokado-nogatavinats-gb-2-skkolumbija\/"},"modified":"2026-05-08T15:43:23","modified_gmt":"2026-05-08T12:43:23","slug":"avokado-nogatavinats-gb-2-skkolumbija","status":"publish","type":"product","link":"https:\/\/ventspils.citro.lv\/ru\/veikals\/avokado-nogatavinats-gb-2-skkolumbija\/","title":{"rendered":"Avokado nogatavin\u0101ts  gb 2.\u0161\u0137Kolumbija"},"content":{"rendered":"","protected":false},"excerpt":{"rendered":"<p>0.69 \u20ac\/gb<\/p>\n","protected":false},"featured_media":1257325,"template":"","meta":{"_acf_changed":false,"inline_featured_image":false},"product_cat":[97,98],"product_tag":[],"acf":[],"aioseo_notices":[],"_links":{"self":[{"href":"https:\/\/ventspils.citro.lv\/ru\/wp-json\/wp\/v2\/product\/1227917"}],"collection":[{"href":"https:\/\/ventspils.citro.lv\/ru\/wp-json\/wp\/v2\/product"}],"about":[{"href":"https:\/\/ventspils.citro.lv\/ru\/wp-json\/wp\/v2\/types\/product"}],"wp:featuredmedia":[{"embeddable":true,"href":"https:\/\/ventspils.citro.lv\/ru\/wp-json\/wp\/v2\/media\/1257325"}],"wp:attachment":[{"href":"https:\/\/ventspils.citro.lv\/ru\/wp-json\/wp\/v2\/media?parent=1227917"}],"wp:term":[{"taxonomy":"product_cat","embeddable":true,"href":"https:\/\/ventspils.citro.lv\/ru\/wp-json\/wp\/v2\/product_cat?post=1227917"},{"taxonomy":"product_tag","embeddable":true,"href":"https:\/\/ventspils.citro.lv\/ru\/wp-json\/wp\/v2\/product_tag?post=1227917"}],"curies":[{"name":"wp","href":"https:\/\/api.w.org\/{rel}","templated":true}]}}