{"id":1227883,"date":"2026-03-24T00:54:46","date_gmt":"2026-03-23T22:54:46","guid":{"rendered":"https:\/\/ventspils.citro.lv\/veikals\/aboli-fuji-italija-2sk\/"},"modified":"2026-04-04T15:07:59","modified_gmt":"2026-04-04T12:07:59","slug":"aboli-fuji-italija-2sk","status":"publish","type":"product","link":"https:\/\/ventspils.citro.lv\/ru\/veikals\/aboli-fuji-italija-2sk\/","title":{"rendered":"\u0100boli Fuji It\u0101lija 2\u0161\u0137."},"content":{"rendered":"","protected":false},"excerpt":{"rendered":"<p>1.99 \u20ac\/kg<\/p>\n","protected":false},"featured_media":1231015,"template":"","meta":{"_acf_changed":false,"inline_featured_image":false},"product_cat":[97,98],"product_tag":[],"acf":[],"aioseo_notices":[],"_links":{"self":[{"href":"https:\/\/ventspils.citro.lv\/ru\/wp-json\/wp\/v2\/product\/1227883"}],"collection":[{"href":"https:\/\/ventspils.citro.lv\/ru\/wp-json\/wp\/v2\/product"}],"about":[{"href":"https:\/\/ventspils.citro.lv\/ru\/wp-json\/wp\/v2\/types\/product"}],"wp:featuredmedia":[{"embeddable":true,"href":"https:\/\/ventspils.citro.lv\/ru\/wp-json\/wp\/v2\/media\/1231015"}],"wp:attachment":[{"href":"https:\/\/ventspils.citro.lv\/ru\/wp-json\/wp\/v2\/media?parent=1227883"}],"wp:term":[{"taxonomy":"product_cat","embeddable":true,"href":"https:\/\/ventspils.citro.lv\/ru\/wp-json\/wp\/v2\/product_cat?post=1227883"},{"taxonomy":"product_tag","embeddable":true,"href":"https:\/\/ventspils.citro.lv\/ru\/wp-json\/wp\/v2\/product_tag?post=1227883"}],"curies":[{"name":"wp","href":"https:\/\/api.w.org\/{rel}","templated":true}]}}