{"id":1227880,"date":"2026-05-09T00:51:52","date_gmt":"2026-05-08T21:51:52","guid":{"rendered":"https:\/\/ventspils.citro.lv\/veikals\/nektarini-1-sk-cile\/"},"modified":"2026-05-09T00:52:06","modified_gmt":"2026-05-08T21:52:06","slug":"nektarini-1-sk-spanija","status":"publish","type":"product","link":"https:\/\/ventspils.citro.lv\/ru\/veikals\/nektarini-1-sk-spanija\/","title":{"rendered":"Nektar\u012bni 1 \u0161\u0137. Sp\u0101nija"},"content":{"rendered":"","protected":false},"excerpt":{"rendered":"<p>7.29 \u20ac\/kg<\/p>\n","protected":false},"featured_media":1258061,"template":"","meta":{"_acf_changed":false,"inline_featured_image":false},"product_cat":[97,98],"product_tag":[],"acf":[],"aioseo_notices":[],"_links":{"self":[{"href":"https:\/\/ventspils.citro.lv\/ru\/wp-json\/wp\/v2\/product\/1227880"}],"collection":[{"href":"https:\/\/ventspils.citro.lv\/ru\/wp-json\/wp\/v2\/product"}],"about":[{"href":"https:\/\/ventspils.citro.lv\/ru\/wp-json\/wp\/v2\/types\/product"}],"wp:featuredmedia":[{"embeddable":true,"href":"https:\/\/ventspils.citro.lv\/ru\/wp-json\/wp\/v2\/media\/1258061"}],"wp:attachment":[{"href":"https:\/\/ventspils.citro.lv\/ru\/wp-json\/wp\/v2\/media?parent=1227880"}],"wp:term":[{"taxonomy":"product_cat","embeddable":true,"href":"https:\/\/ventspils.citro.lv\/ru\/wp-json\/wp\/v2\/product_cat?post=1227880"},{"taxonomy":"product_tag","embeddable":true,"href":"https:\/\/ventspils.citro.lv\/ru\/wp-json\/wp\/v2\/product_tag?post=1227880"}],"curies":[{"name":"wp","href":"https:\/\/api.w.org\/{rel}","templated":true}]}}