{"id":1227831,"date":"2026-04-30T01:21:53","date_gmt":"2026-04-29T22:21:53","guid":{"rendered":"https:\/\/ventspils.citro.lv\/veikals\/paprika-oranza-2-sk-spanija\/"},"modified":"2026-05-05T15:52:18","modified_gmt":"2026-05-05T12:52:18","slug":"paprika-oranza-2-sk-niderlande","status":"publish","type":"product","link":"https:\/\/ventspils.citro.lv\/ru\/veikals\/paprika-oranza-2-sk-niderlande\/","title":{"rendered":"Paprika oran\u017ea 2.\u0161\u0137. N\u012bderlande"},"content":{"rendered":"","protected":false},"excerpt":{"rendered":"<p>3.99 \u20ac\/kg<\/p>\n","protected":false},"featured_media":1254863,"template":"","meta":{"_acf_changed":false,"inline_featured_image":false},"product_cat":[97,99],"product_tag":[],"acf":[],"aioseo_notices":[],"_links":{"self":[{"href":"https:\/\/ventspils.citro.lv\/ru\/wp-json\/wp\/v2\/product\/1227831"}],"collection":[{"href":"https:\/\/ventspils.citro.lv\/ru\/wp-json\/wp\/v2\/product"}],"about":[{"href":"https:\/\/ventspils.citro.lv\/ru\/wp-json\/wp\/v2\/types\/product"}],"wp:featuredmedia":[{"embeddable":true,"href":"https:\/\/ventspils.citro.lv\/ru\/wp-json\/wp\/v2\/media\/1254863"}],"wp:attachment":[{"href":"https:\/\/ventspils.citro.lv\/ru\/wp-json\/wp\/v2\/media?parent=1227831"}],"wp:term":[{"taxonomy":"product_cat","embeddable":true,"href":"https:\/\/ventspils.citro.lv\/ru\/wp-json\/wp\/v2\/product_cat?post=1227831"},{"taxonomy":"product_tag","embeddable":true,"href":"https:\/\/ventspils.citro.lv\/ru\/wp-json\/wp\/v2\/product_tag?post=1227831"}],"curies":[{"name":"wp","href":"https:\/\/api.w.org\/{rel}","templated":true}]}}