{"id":1224839,"date":"2026-04-10T03:54:50","date_gmt":"2026-04-10T00:54:50","guid":{"rendered":"https:\/\/ventspils.citro.lv\/veikals\/vinogas-sarkanas-b-k-2-sk-dienvidafrika\/"},"modified":"2026-04-15T13:16:24","modified_gmt":"2026-04-15T10:16:24","slug":"vinogas-sarkanas-b-k-2-sk-dienvidafrika","status":"publish","type":"product","link":"https:\/\/ventspils.citro.lv\/ru\/veikals\/vinogas-sarkanas-b-k-2-sk-dienvidafrika\/","title":{"rendered":"V\u012bnogas sarkan\u0101s b\/k  2.\u0161\u0137. Dienvid\u0101frika"},"content":{"rendered":"","protected":false},"excerpt":{"rendered":"<p>4.79 \u20ac\/kg<\/p>\n","protected":false},"featured_media":1242711,"template":"","meta":{"_acf_changed":false,"inline_featured_image":false},"product_cat":[97,98],"product_tag":[],"acf":[],"aioseo_notices":[],"_links":{"self":[{"href":"https:\/\/ventspils.citro.lv\/ru\/wp-json\/wp\/v2\/product\/1224839"}],"collection":[{"href":"https:\/\/ventspils.citro.lv\/ru\/wp-json\/wp\/v2\/product"}],"about":[{"href":"https:\/\/ventspils.citro.lv\/ru\/wp-json\/wp\/v2\/types\/product"}],"wp:featuredmedia":[{"embeddable":true,"href":"https:\/\/ventspils.citro.lv\/ru\/wp-json\/wp\/v2\/media\/1242711"}],"wp:attachment":[{"href":"https:\/\/ventspils.citro.lv\/ru\/wp-json\/wp\/v2\/media?parent=1224839"}],"wp:term":[{"taxonomy":"product_cat","embeddable":true,"href":"https:\/\/ventspils.citro.lv\/ru\/wp-json\/wp\/v2\/product_cat?post=1224839"},{"taxonomy":"product_tag","embeddable":true,"href":"https:\/\/ventspils.citro.lv\/ru\/wp-json\/wp\/v2\/product_tag?post=1224839"}],"curies":[{"name":"wp","href":"https:\/\/api.w.org\/{rel}","templated":true}]}}