{"id":1222838,"date":"2026-04-14T05:00:38","date_gmt":"2026-04-14T02:00:38","guid":{"rendered":"https:\/\/ventspils.citro.lv\/veikals\/bariba-kakiem-dofeed-sterilised-ar-majputnu-galu-800g\/"},"modified":"2026-04-14T05:00:43","modified_gmt":"2026-04-14T02:00:43","slug":"bariba-kakiem-dofeed-sterilised-ar-majputnu-galu-800g","status":"publish","type":"product","link":"https:\/\/ventspils.citro.lv\/ru\/veikals\/bariba-kakiem-dofeed-sterilised-ar-majputnu-galu-800g\/","title":{"rendered":"Bar\u012bba ka\u0137iem DoFeed Sterilised ar m\u0101jputnu ga\u013cu 800g"},"content":{"rendered":"<p>Dehidr\u0113ta m\u0101jputnu ga\u013ca vismaz 16% (vista 83%, t\u012btars 12%, p\u012ble 5%), kukur\u016bza, tritik\u0101le, kukur\u016bzas glut\u0113ns, kvie\u0161u klijas, m\u0101jputnu tauki, hidroliz\u0113tas vistas aknas, cukurbie\u0161u graiz\u012bjumi<\/p>\n","protected":false},"excerpt":{"rendered":"<p>4.99 \u20ac\/kg<\/p>\n","protected":false},"featured_media":1245878,"template":"","meta":{"_acf_changed":false,"inline_featured_image":false},"product_cat":[153,175],"product_tag":[],"acf":[],"aioseo_notices":[],"_links":{"self":[{"href":"https:\/\/ventspils.citro.lv\/ru\/wp-json\/wp\/v2\/product\/1222838"}],"collection":[{"href":"https:\/\/ventspils.citro.lv\/ru\/wp-json\/wp\/v2\/product"}],"about":[{"href":"https:\/\/ventspils.citro.lv\/ru\/wp-json\/wp\/v2\/types\/product"}],"wp:featuredmedia":[{"embeddable":true,"href":"https:\/\/ventspils.citro.lv\/ru\/wp-json\/wp\/v2\/media\/1245878"}],"wp:attachment":[{"href":"https:\/\/ventspils.citro.lv\/ru\/wp-json\/wp\/v2\/media?parent=1222838"}],"wp:term":[{"taxonomy":"product_cat","embeddable":true,"href":"https:\/\/ventspils.citro.lv\/ru\/wp-json\/wp\/v2\/product_cat?post=1222838"},{"taxonomy":"product_tag","embeddable":true,"href":"https:\/\/ventspils.citro.lv\/ru\/wp-json\/wp\/v2\/product_tag?post=1222838"}],"curies":[{"name":"wp","href":"https:\/\/api.w.org\/{rel}","templated":true}]}}