{"id":1222830,"date":"2026-04-24T11:55:00","date_gmt":"2026-04-24T08:55:00","guid":{"rendered":"https:\/\/ventspils.citro.lv\/veikals\/ievarijums-meza-ogu-kullus-400g\/"},"modified":"2026-04-24T11:55:04","modified_gmt":"2026-04-24T08:55:04","slug":"ievarijums-meza-ogu-kullus-400g","status":"publish","type":"product","link":"https:\/\/ventspils.citro.lv\/ru\/veikals\/ievarijums-meza-ogu-kullus-400g\/","title":{"rendered":"Iev\u0101r\u012bjums me\u017ea ogu Kullus 400g"},"content":{"rendered":"","protected":false},"excerpt":{"rendered":"<p>6.88 \u20ac\/kg<\/p>\n","protected":false},"featured_media":1253433,"template":"","meta":{"_acf_changed":false,"inline_featured_image":false},"product_cat":[560,103],"product_tag":[],"acf":[],"aioseo_notices":[],"_links":{"self":[{"href":"https:\/\/ventspils.citro.lv\/ru\/wp-json\/wp\/v2\/product\/1222830"}],"collection":[{"href":"https:\/\/ventspils.citro.lv\/ru\/wp-json\/wp\/v2\/product"}],"about":[{"href":"https:\/\/ventspils.citro.lv\/ru\/wp-json\/wp\/v2\/types\/product"}],"wp:featuredmedia":[{"embeddable":true,"href":"https:\/\/ventspils.citro.lv\/ru\/wp-json\/wp\/v2\/media\/1253433"}],"wp:attachment":[{"href":"https:\/\/ventspils.citro.lv\/ru\/wp-json\/wp\/v2\/media?parent=1222830"}],"wp:term":[{"taxonomy":"product_cat","embeddable":true,"href":"https:\/\/ventspils.citro.lv\/ru\/wp-json\/wp\/v2\/product_cat?post=1222830"},{"taxonomy":"product_tag","embeddable":true,"href":"https:\/\/ventspils.citro.lv\/ru\/wp-json\/wp\/v2\/product_tag?post=1222830"}],"curies":[{"name":"wp","href":"https:\/\/api.w.org\/{rel}","templated":true}]}}