{"id":1222760,"date":"2026-03-31T04:45:54","date_gmt":"2026-03-31T01:45:54","guid":{"rendered":"https:\/\/ventspils.citro.lv\/veikals\/kafija-skistosa-jacobs-3in1-20x12-6g-252g-2\/"},"modified":"2026-03-31T04:46:00","modified_gmt":"2026-03-31T01:46:00","slug":"kafija-skistosa-jacobs-3in1-20x12-6g-252g-2","status":"publish","type":"product","link":"https:\/\/ventspils.citro.lv\/ru\/veikals\/kafija-skistosa-jacobs-3in1-20x12-6g-252g-2\/","title":{"rendered":"Kafija \u0161\u0137\u012bsto\u0161a Jacobs 3in1 20&#215;12.6g 252g"},"content":{"rendered":"<p>Sugar (53%), fully hydrogenated vegetable oil (coconut), instant coffee (15%), glucose syrup, stabilisers (E340, E452), milk proteins, emulsifiers (E471, E481), milk minerals powder, salt, flavourings, acidity regulator (E500).<\/p>\n","protected":false},"excerpt":{"rendered":"<p>22.18 \u20ac\/kg<\/p>\n","protected":false},"featured_media":1238401,"template":"","meta":{"_acf_changed":false,"inline_featured_image":false},"product_cat":[538,142],"product_tag":[],"acf":[],"aioseo_notices":[],"_links":{"self":[{"href":"https:\/\/ventspils.citro.lv\/ru\/wp-json\/wp\/v2\/product\/1222760"}],"collection":[{"href":"https:\/\/ventspils.citro.lv\/ru\/wp-json\/wp\/v2\/product"}],"about":[{"href":"https:\/\/ventspils.citro.lv\/ru\/wp-json\/wp\/v2\/types\/product"}],"wp:featuredmedia":[{"embeddable":true,"href":"https:\/\/ventspils.citro.lv\/ru\/wp-json\/wp\/v2\/media\/1238401"}],"wp:attachment":[{"href":"https:\/\/ventspils.citro.lv\/ru\/wp-json\/wp\/v2\/media?parent=1222760"}],"wp:term":[{"taxonomy":"product_cat","embeddable":true,"href":"https:\/\/ventspils.citro.lv\/ru\/wp-json\/wp\/v2\/product_cat?post=1222760"},{"taxonomy":"product_tag","embeddable":true,"href":"https:\/\/ventspils.citro.lv\/ru\/wp-json\/wp\/v2\/product_tag?post=1222760"}],"curies":[{"name":"wp","href":"https:\/\/api.w.org\/{rel}","templated":true}]}}