{"id":1222733,"date":"2026-04-22T06:51:26","date_gmt":"2026-04-22T03:51:26","guid":{"rendered":"https:\/\/ventspils.citro.lv\/veikals\/ananasu-skeles-sirupa-580g-565g\/"},"modified":"2026-04-22T06:51:37","modified_gmt":"2026-04-22T03:51:37","slug":"ananasu-skeles-sirupa-580g-565g","status":"publish","type":"product","link":"https:\/\/ventspils.citro.lv\/ru\/veikals\/ananasu-skeles-sirupa-580g-565g\/","title":{"rendered":"Anan\u0101su \u0161\u0137\u0113les s\u012brup\u0101 580g\/565g"},"content":{"rendered":"","protected":false},"excerpt":{"rendered":"<p>3.36 \u20ac\/kg<\/p>\n","protected":false},"featured_media":1248732,"template":"","meta":{"_acf_changed":false,"inline_featured_image":false},"product_cat":[103,193],"product_tag":[],"acf":[],"aioseo_notices":[],"_links":{"self":[{"href":"https:\/\/ventspils.citro.lv\/ru\/wp-json\/wp\/v2\/product\/1222733"}],"collection":[{"href":"https:\/\/ventspils.citro.lv\/ru\/wp-json\/wp\/v2\/product"}],"about":[{"href":"https:\/\/ventspils.citro.lv\/ru\/wp-json\/wp\/v2\/types\/product"}],"wp:featuredmedia":[{"embeddable":true,"href":"https:\/\/ventspils.citro.lv\/ru\/wp-json\/wp\/v2\/media\/1248732"}],"wp:attachment":[{"href":"https:\/\/ventspils.citro.lv\/ru\/wp-json\/wp\/v2\/media?parent=1222733"}],"wp:term":[{"taxonomy":"product_cat","embeddable":true,"href":"https:\/\/ventspils.citro.lv\/ru\/wp-json\/wp\/v2\/product_cat?post=1222733"},{"taxonomy":"product_tag","embeddable":true,"href":"https:\/\/ventspils.citro.lv\/ru\/wp-json\/wp\/v2\/product_tag?post=1222733"}],"curies":[{"name":"wp","href":"https:\/\/api.w.org\/{rel}","templated":true}]}}