{"id":1213637,"date":"2026-04-14T05:00:27","date_gmt":"2026-04-14T02:00:27","guid":{"rendered":"https:\/\/ventspils.citro.lv\/veikals\/traipu-tir-lidz-pulveris-der-waschkonig-750g\/"},"modified":"2026-04-14T05:00:32","modified_gmt":"2026-04-14T02:00:32","slug":"lidzeklis-traipu-tirisanai-pulveris-der-waschkonig-750g","status":"publish","type":"product","link":"https:\/\/ventspils.citro.lv\/ru\/veikals\/lidzeklis-traipu-tirisanai-pulveris-der-waschkonig-750g\/","title":{"rendered":"L\u012bdzeklis traipu t\u012br\u012b\u0161anai pulveris Der Waschk\u00f6nig  750g"},"content":{"rendered":"","protected":false},"excerpt":{"rendered":"<p>&nbsp;<\/p>\n","protected":false},"featured_media":1245876,"template":"","meta":{"_acf_changed":false,"inline_featured_image":false},"product_cat":[131,184],"product_tag":[],"acf":[],"aioseo_notices":[],"_links":{"self":[{"href":"https:\/\/ventspils.citro.lv\/ru\/wp-json\/wp\/v2\/product\/1213637"}],"collection":[{"href":"https:\/\/ventspils.citro.lv\/ru\/wp-json\/wp\/v2\/product"}],"about":[{"href":"https:\/\/ventspils.citro.lv\/ru\/wp-json\/wp\/v2\/types\/product"}],"wp:featuredmedia":[{"embeddable":true,"href":"https:\/\/ventspils.citro.lv\/ru\/wp-json\/wp\/v2\/media\/1245876"}],"wp:attachment":[{"href":"https:\/\/ventspils.citro.lv\/ru\/wp-json\/wp\/v2\/media?parent=1213637"}],"wp:term":[{"taxonomy":"product_cat","embeddable":true,"href":"https:\/\/ventspils.citro.lv\/ru\/wp-json\/wp\/v2\/product_cat?post=1213637"},{"taxonomy":"product_tag","embeddable":true,"href":"https:\/\/ventspils.citro.lv\/ru\/wp-json\/wp\/v2\/product_tag?post=1213637"}],"curies":[{"name":"wp","href":"https:\/\/api.w.org\/{rel}","templated":true}]}}