{"id":1213623,"date":"2026-04-10T10:21:52","date_gmt":"2026-04-10T07:21:52","guid":{"rendered":"https:\/\/ventspils.citro.lv\/veikals\/desa-cala-galas-aspika-kekava-350g\/"},"modified":"2026-04-10T10:22:02","modified_gmt":"2026-04-10T07:22:02","slug":"desa-cala-galas-aspika-kekava-350g","status":"publish","type":"product","link":"https:\/\/ventspils.citro.lv\/ru\/veikals\/desa-cala-galas-aspika-kekava-350g\/","title":{"rendered":"Desa c\u0101\u013ca ga\u013cas Aspika \u0136ekava 350g"},"content":{"rendered":"","protected":false},"excerpt":{"rendered":"<p>7.86 \u20ac\/kg<\/p>\n","protected":false},"featured_media":1244397,"template":"","meta":{"_acf_changed":false,"inline_featured_image":false},"product_cat":[135,174],"product_tag":[],"acf":[],"aioseo_notices":[],"_links":{"self":[{"href":"https:\/\/ventspils.citro.lv\/ru\/wp-json\/wp\/v2\/product\/1213623"}],"collection":[{"href":"https:\/\/ventspils.citro.lv\/ru\/wp-json\/wp\/v2\/product"}],"about":[{"href":"https:\/\/ventspils.citro.lv\/ru\/wp-json\/wp\/v2\/types\/product"}],"wp:featuredmedia":[{"embeddable":true,"href":"https:\/\/ventspils.citro.lv\/ru\/wp-json\/wp\/v2\/media\/1244397"}],"wp:attachment":[{"href":"https:\/\/ventspils.citro.lv\/ru\/wp-json\/wp\/v2\/media?parent=1213623"}],"wp:term":[{"taxonomy":"product_cat","embeddable":true,"href":"https:\/\/ventspils.citro.lv\/ru\/wp-json\/wp\/v2\/product_cat?post=1213623"},{"taxonomy":"product_tag","embeddable":true,"href":"https:\/\/ventspils.citro.lv\/ru\/wp-json\/wp\/v2\/product_tag?post=1213623"}],"curies":[{"name":"wp","href":"https:\/\/api.w.org\/{rel}","templated":true}]}}