{"id":1213600,"date":"2026-04-10T09:57:57","date_gmt":"2026-04-10T06:57:57","guid":{"rendered":"https:\/\/ventspils.citro.lv\/veikals\/ievarijums-kirsu-lesne-skarby-290g\/"},"modified":"2026-04-10T09:58:02","modified_gmt":"2026-04-10T06:58:02","slug":"ievarijums-kirsu-lesne-skarby-290g","status":"publish","type":"product","link":"https:\/\/ventspils.citro.lv\/ru\/veikals\/ievarijums-kirsu-lesne-skarby-290g\/","title":{"rendered":"Iev\u0101r\u012bjums \u0137ir\u0161u Lesne Skarby 290g"},"content":{"rendered":"","protected":false},"excerpt":{"rendered":"<p>8.93 \u20ac\/kg<\/p>\n","protected":false},"featured_media":1244289,"template":"","meta":{"_acf_changed":false,"inline_featured_image":false},"product_cat":[560,103],"product_tag":[],"acf":[],"aioseo_notices":[],"_links":{"self":[{"href":"https:\/\/ventspils.citro.lv\/ru\/wp-json\/wp\/v2\/product\/1213600"}],"collection":[{"href":"https:\/\/ventspils.citro.lv\/ru\/wp-json\/wp\/v2\/product"}],"about":[{"href":"https:\/\/ventspils.citro.lv\/ru\/wp-json\/wp\/v2\/types\/product"}],"wp:featuredmedia":[{"embeddable":true,"href":"https:\/\/ventspils.citro.lv\/ru\/wp-json\/wp\/v2\/media\/1244289"}],"wp:attachment":[{"href":"https:\/\/ventspils.citro.lv\/ru\/wp-json\/wp\/v2\/media?parent=1213600"}],"wp:term":[{"taxonomy":"product_cat","embeddable":true,"href":"https:\/\/ventspils.citro.lv\/ru\/wp-json\/wp\/v2\/product_cat?post=1213600"},{"taxonomy":"product_tag","embeddable":true,"href":"https:\/\/ventspils.citro.lv\/ru\/wp-json\/wp\/v2\/product_tag?post=1213600"}],"curies":[{"name":"wp","href":"https:\/\/api.w.org\/{rel}","templated":true}]}}