{"id":1213586,"date":"2026-04-24T11:18:45","date_gmt":"2026-04-24T08:18:45","guid":{"rendered":"https:\/\/ventspils.citro.lv\/veikals\/trifeles-sokolades-ar-pildijumiem-asorti-ziedi-pure-240g\/"},"modified":"2026-04-24T11:18:50","modified_gmt":"2026-04-24T08:18:50","slug":"trifeles-sokolades-ar-pildijumiem-asorti-ziedi-pure-240g","status":"publish","type":"product","link":"https:\/\/ventspils.citro.lv\/ru\/veikals\/trifeles-sokolades-ar-pildijumiem-asorti-ziedi-pure-240g\/","title":{"rendered":"Trifeles \u0161okol\u0101des ar pild\u012bjumiem Asorti Ziedi Pure 240g"},"content":{"rendered":"","protected":false},"excerpt":{"rendered":"<p>38.71 \u20ac\/kg<\/p>\n","protected":false},"featured_media":1253278,"template":"","meta":{"_acf_changed":false,"inline_featured_image":false},"product_cat":[125,200],"product_tag":[],"acf":[],"aioseo_notices":[],"_links":{"self":[{"href":"https:\/\/ventspils.citro.lv\/ru\/wp-json\/wp\/v2\/product\/1213586"}],"collection":[{"href":"https:\/\/ventspils.citro.lv\/ru\/wp-json\/wp\/v2\/product"}],"about":[{"href":"https:\/\/ventspils.citro.lv\/ru\/wp-json\/wp\/v2\/types\/product"}],"wp:featuredmedia":[{"embeddable":true,"href":"https:\/\/ventspils.citro.lv\/ru\/wp-json\/wp\/v2\/media\/1253278"}],"wp:attachment":[{"href":"https:\/\/ventspils.citro.lv\/ru\/wp-json\/wp\/v2\/media?parent=1213586"}],"wp:term":[{"taxonomy":"product_cat","embeddable":true,"href":"https:\/\/ventspils.citro.lv\/ru\/wp-json\/wp\/v2\/product_cat?post=1213586"},{"taxonomy":"product_tag","embeddable":true,"href":"https:\/\/ventspils.citro.lv\/ru\/wp-json\/wp\/v2\/product_tag?post=1213586"}],"curies":[{"name":"wp","href":"https:\/\/api.w.org\/{rel}","templated":true}]}}