{"id":1213562,"date":"2026-04-17T02:09:39","date_gmt":"2026-04-16T23:09:39","guid":{"rendered":"https:\/\/ventspils.citro.lv\/veikals\/cipsi-kviesu-mr-check-ar-bekona-garsu-150g\/"},"modified":"2026-04-17T02:09:45","modified_gmt":"2026-04-16T23:09:45","slug":"cipsi-kviesu-mr-check-ar-bekona-garsu-150g","status":"publish","type":"product","link":"https:\/\/ventspils.citro.lv\/ru\/veikals\/cipsi-kviesu-mr-check-ar-bekona-garsu-150g\/","title":{"rendered":"\u010cipsi kvie\u0161u Mr. Check  ar bekona gar\u0161u 150g"},"content":{"rendered":"<p>WHEAT crisps 72 % (WHEAT flour 96 %, salt, raising agent sodium carbonate, colours: carmines, annatto norbixin), palm oil, bacon flavour seasoning mix 3,5 % (sugar, salt, potato starch, flavour enhancers: monosodium glutamate, disodium 5-ribonucleotides; dextrose, smoke flavouring, yeast extract, flavouring, garlic powder, anti-caking agent silicon dioxide, rapeseed oil, colour paprika extract, acidity regulators: citric acid, lactic acid; antioxidant tocopherol &#8212; rich extract). May contain traces of peanuts, milk, mustard, soy, almonds, cashews and hazelnuts.<\/p>\n","protected":false},"excerpt":{"rendered":"<p>11.93 \u20ac\/kg<\/p>\n","protected":false},"featured_media":1246922,"template":"","meta":{"_acf_changed":false,"inline_featured_image":false},"product_cat":[125,191],"product_tag":[],"acf":[],"aioseo_notices":[],"_links":{"self":[{"href":"https:\/\/ventspils.citro.lv\/ru\/wp-json\/wp\/v2\/product\/1213562"}],"collection":[{"href":"https:\/\/ventspils.citro.lv\/ru\/wp-json\/wp\/v2\/product"}],"about":[{"href":"https:\/\/ventspils.citro.lv\/ru\/wp-json\/wp\/v2\/types\/product"}],"wp:featuredmedia":[{"embeddable":true,"href":"https:\/\/ventspils.citro.lv\/ru\/wp-json\/wp\/v2\/media\/1246922"}],"wp:attachment":[{"href":"https:\/\/ventspils.citro.lv\/ru\/wp-json\/wp\/v2\/media?parent=1213562"}],"wp:term":[{"taxonomy":"product_cat","embeddable":true,"href":"https:\/\/ventspils.citro.lv\/ru\/wp-json\/wp\/v2\/product_cat?post=1213562"},{"taxonomy":"product_tag","embeddable":true,"href":"https:\/\/ventspils.citro.lv\/ru\/wp-json\/wp\/v2\/product_tag?post=1213562"}],"curies":[{"name":"wp","href":"https:\/\/api.w.org\/{rel}","templated":true}]}}