{"id":1213558,"date":"2026-04-17T02:09:29","date_gmt":"2026-04-16T23:09:29","guid":{"rendered":"https:\/\/ventspils.citro.lv\/veikals\/cipsi-kartupelu-mr-check-skaba-krejuma-un-sipolu-garsu-150\/"},"modified":"2026-04-17T02:09:38","modified_gmt":"2026-04-16T23:09:38","slug":"cipsi-kartupelu-mr-check-skaba-krejuma-un-sipolu-garsu-150","status":"publish","type":"product","link":"https:\/\/ventspils.citro.lv\/ru\/veikals\/cipsi-kartupelu-mr-check-skaba-krejuma-un-sipolu-garsu-150\/","title":{"rendered":"\u010cipsi kartupe\u013cu Mr. Check  sk\u0101b\u0101 kr\u0113juma un s\u012bpolu gar\u0161u 150"},"content":{"rendered":"<p>Potato crisps 71 % (potato starch, potato flakes, potato granules, salt, acidity regulators: malic acid, citric acid; sweet paprika powder, turmeric powder), palm oil, sour cream and onion flavour seasoning mix 5 % (sugar, salt, WHEAT flour, WHEY powder (from MILK), onion powder 0,4 %, flavour enhancer monosodium glutamate, whole MILK powder, yeast powder, herbs, flavourings, garlic powder, sunflower oil, acidity regulators: malic acid, citric acid; anti &#8212; caking agent silicon dioxide). Contains milk and gluten. May contain traces of peanuts, almonds, cashews and hazelnuts.<\/p>\n","protected":false},"excerpt":{"rendered":"<p>11.93 \u20ac\/kg<\/p>\n","protected":false},"featured_media":1246921,"template":"","meta":{"_acf_changed":false,"inline_featured_image":false},"product_cat":[125,191],"product_tag":[],"acf":[],"aioseo_notices":[],"_links":{"self":[{"href":"https:\/\/ventspils.citro.lv\/ru\/wp-json\/wp\/v2\/product\/1213558"}],"collection":[{"href":"https:\/\/ventspils.citro.lv\/ru\/wp-json\/wp\/v2\/product"}],"about":[{"href":"https:\/\/ventspils.citro.lv\/ru\/wp-json\/wp\/v2\/types\/product"}],"wp:featuredmedia":[{"embeddable":true,"href":"https:\/\/ventspils.citro.lv\/ru\/wp-json\/wp\/v2\/media\/1246921"}],"wp:attachment":[{"href":"https:\/\/ventspils.citro.lv\/ru\/wp-json\/wp\/v2\/media?parent=1213558"}],"wp:term":[{"taxonomy":"product_cat","embeddable":true,"href":"https:\/\/ventspils.citro.lv\/ru\/wp-json\/wp\/v2\/product_cat?post=1213558"},{"taxonomy":"product_tag","embeddable":true,"href":"https:\/\/ventspils.citro.lv\/ru\/wp-json\/wp\/v2\/product_tag?post=1213558"}],"curies":[{"name":"wp","href":"https:\/\/api.w.org\/{rel}","templated":true}]}}