{"id":1213555,"date":"2026-04-10T09:27:23","date_gmt":"2026-04-10T06:27:23","guid":{"rendered":"https:\/\/ventspils.citro.lv\/veikals\/krekeri-hipp-risu-ar-mellenu-garsu-bio-30g\/"},"modified":"2026-04-10T09:27:27","modified_gmt":"2026-04-10T06:27:27","slug":"krekeri-hipp-risu-ar-mellenu-garsu-bio-30g","status":"publish","type":"product","link":"https:\/\/ventspils.citro.lv\/ru\/veikals\/krekeri-hipp-risu-ar-mellenu-garsu-bio-30g\/","title":{"rendered":"Krekeri Hipp r\u012bsu ar melle\u0146u gar\u0161u Bio 30g"},"content":{"rendered":"","protected":false},"excerpt":{"rendered":"<p>84.67 \u20ac\/kg<\/p>\n","protected":false},"featured_media":1244163,"template":"","meta":{"_acf_changed":false,"inline_featured_image":false},"product_cat":[172,173],"product_tag":[],"acf":[],"aioseo_notices":[],"_links":{"self":[{"href":"https:\/\/ventspils.citro.lv\/ru\/wp-json\/wp\/v2\/product\/1213555"}],"collection":[{"href":"https:\/\/ventspils.citro.lv\/ru\/wp-json\/wp\/v2\/product"}],"about":[{"href":"https:\/\/ventspils.citro.lv\/ru\/wp-json\/wp\/v2\/types\/product"}],"wp:featuredmedia":[{"embeddable":true,"href":"https:\/\/ventspils.citro.lv\/ru\/wp-json\/wp\/v2\/media\/1244163"}],"wp:attachment":[{"href":"https:\/\/ventspils.citro.lv\/ru\/wp-json\/wp\/v2\/media?parent=1213555"}],"wp:term":[{"taxonomy":"product_cat","embeddable":true,"href":"https:\/\/ventspils.citro.lv\/ru\/wp-json\/wp\/v2\/product_cat?post=1213555"},{"taxonomy":"product_tag","embeddable":true,"href":"https:\/\/ventspils.citro.lv\/ru\/wp-json\/wp\/v2\/product_tag?post=1213555"}],"curies":[{"name":"wp","href":"https:\/\/api.w.org\/{rel}","templated":true}]}}