{"id":1213553,"date":"2026-04-10T09:27:13","date_gmt":"2026-04-10T06:27:13","guid":{"rendered":"https:\/\/ventspils.citro.lv\/veikals\/bernu-cepumi-hipp-no-6-menesiem-bio-180g\/"},"modified":"2026-04-10T09:27:23","modified_gmt":"2026-04-10T06:27:23","slug":"bernu-cepumi-hipp-no-6-menesiem-bio-180g","status":"publish","type":"product","link":"https:\/\/ventspils.citro.lv\/ru\/veikals\/bernu-cepumi-hipp-no-6-menesiem-bio-180g\/","title":{"rendered":"B\u0113rnu cepumi Hipp no 6 m\u0113ne\u0161iem Bio 180g"},"content":{"rendered":"","protected":false},"excerpt":{"rendered":"<p>22.17 \u20ac\/kg<\/p>\n","protected":false},"featured_media":1244162,"template":"","meta":{"_acf_changed":false,"inline_featured_image":false},"product_cat":[172,173],"product_tag":[],"acf":[],"aioseo_notices":[],"_links":{"self":[{"href":"https:\/\/ventspils.citro.lv\/ru\/wp-json\/wp\/v2\/product\/1213553"}],"collection":[{"href":"https:\/\/ventspils.citro.lv\/ru\/wp-json\/wp\/v2\/product"}],"about":[{"href":"https:\/\/ventspils.citro.lv\/ru\/wp-json\/wp\/v2\/types\/product"}],"wp:featuredmedia":[{"embeddable":true,"href":"https:\/\/ventspils.citro.lv\/ru\/wp-json\/wp\/v2\/media\/1244162"}],"wp:attachment":[{"href":"https:\/\/ventspils.citro.lv\/ru\/wp-json\/wp\/v2\/media?parent=1213553"}],"wp:term":[{"taxonomy":"product_cat","embeddable":true,"href":"https:\/\/ventspils.citro.lv\/ru\/wp-json\/wp\/v2\/product_cat?post=1213553"},{"taxonomy":"product_tag","embeddable":true,"href":"https:\/\/ventspils.citro.lv\/ru\/wp-json\/wp\/v2\/product_tag?post=1213553"}],"curies":[{"name":"wp","href":"https:\/\/api.w.org\/{rel}","templated":true}]}}