{"id":1213524,"date":"2026-04-10T08:54:44","date_gmt":"2026-04-10T05:54:44","guid":{"rendered":"https:\/\/ventspils.citro.lv\/veikals\/krekeri-hipp-risu-ar-avenu-garsu-bio-30g\/"},"modified":"2026-04-10T08:54:55","modified_gmt":"2026-04-10T05:54:55","slug":"krekeri-hipp-risu-ar-avenu-garsu-bio-30g","status":"publish","type":"product","link":"https:\/\/ventspils.citro.lv\/ru\/veikals\/krekeri-hipp-risu-ar-avenu-garsu-bio-30g\/","title":{"rendered":"Krekeri Hipp r\u012bsu ar ave\u0146u gar\u0161u Bio 30g"},"content":{"rendered":"","protected":false},"excerpt":{"rendered":"<p>84.67 \u20ac\/kg<\/p>\n","protected":false},"featured_media":1244032,"template":"","meta":{"_acf_changed":false,"inline_featured_image":false},"product_cat":[172,173],"product_tag":[],"acf":[],"aioseo_notices":[],"_links":{"self":[{"href":"https:\/\/ventspils.citro.lv\/ru\/wp-json\/wp\/v2\/product\/1213524"}],"collection":[{"href":"https:\/\/ventspils.citro.lv\/ru\/wp-json\/wp\/v2\/product"}],"about":[{"href":"https:\/\/ventspils.citro.lv\/ru\/wp-json\/wp\/v2\/types\/product"}],"wp:featuredmedia":[{"embeddable":true,"href":"https:\/\/ventspils.citro.lv\/ru\/wp-json\/wp\/v2\/media\/1244032"}],"wp:attachment":[{"href":"https:\/\/ventspils.citro.lv\/ru\/wp-json\/wp\/v2\/media?parent=1213524"}],"wp:term":[{"taxonomy":"product_cat","embeddable":true,"href":"https:\/\/ventspils.citro.lv\/ru\/wp-json\/wp\/v2\/product_cat?post=1213524"},{"taxonomy":"product_tag","embeddable":true,"href":"https:\/\/ventspils.citro.lv\/ru\/wp-json\/wp\/v2\/product_tag?post=1213524"}],"curies":[{"name":"wp","href":"https:\/\/api.w.org\/{rel}","templated":true}]}}