{"id":1213367,"date":"2026-04-10T06:09:25","date_gmt":"2026-04-10T03:09:25","guid":{"rendered":"https:\/\/ventspils.citro.lv\/veikals\/konf-karba-piena-sok-trifeles-ar-siera-kukas-krema-pild-96g\/"},"modified":"2026-04-10T06:09:29","modified_gmt":"2026-04-10T03:09:29","slug":"konf-karba-piena-sok-trifeles-ar-siera-kukas-krema-pild-96g","status":"publish","type":"product","link":"https:\/\/ventspils.citro.lv\/ru\/veikals\/konf-karba-piena-sok-trifeles-ar-siera-kukas-krema-pild-96g\/","title":{"rendered":"Konf.k\u0101rba piena \u0161ok. trifeles ar siera k\u016bkas kr\u0113ma pild.96g"},"content":{"rendered":"","protected":false},"excerpt":{"rendered":"<p>47.81 \u20ac\/kg<\/p>\n","protected":false},"featured_media":1243298,"template":"","meta":{"_acf_changed":false,"inline_featured_image":false},"product_cat":[125,200],"product_tag":[],"acf":[],"aioseo_notices":[],"_links":{"self":[{"href":"https:\/\/ventspils.citro.lv\/ru\/wp-json\/wp\/v2\/product\/1213367"}],"collection":[{"href":"https:\/\/ventspils.citro.lv\/ru\/wp-json\/wp\/v2\/product"}],"about":[{"href":"https:\/\/ventspils.citro.lv\/ru\/wp-json\/wp\/v2\/types\/product"}],"wp:featuredmedia":[{"embeddable":true,"href":"https:\/\/ventspils.citro.lv\/ru\/wp-json\/wp\/v2\/media\/1243298"}],"wp:attachment":[{"href":"https:\/\/ventspils.citro.lv\/ru\/wp-json\/wp\/v2\/media?parent=1213367"}],"wp:term":[{"taxonomy":"product_cat","embeddable":true,"href":"https:\/\/ventspils.citro.lv\/ru\/wp-json\/wp\/v2\/product_cat?post=1213367"},{"taxonomy":"product_tag","embeddable":true,"href":"https:\/\/ventspils.citro.lv\/ru\/wp-json\/wp\/v2\/product_tag?post=1213367"}],"curies":[{"name":"wp","href":"https:\/\/api.w.org\/{rel}","templated":true}]}}