{"id":1213245,"date":"2026-04-10T04:09:49","date_gmt":"2026-04-10T01:09:49","guid":{"rendered":"https:\/\/ventspils.citro.lv\/veikals\/siers-edam-40-sver\/"},"modified":"2026-04-10T04:09:59","modified_gmt":"2026-04-10T01:09:59","slug":"siers-edam-40-sver","status":"publish","type":"product","link":"https:\/\/ventspils.citro.lv\/ru\/veikals\/siers-edam-40-sver\/","title":{"rendered":"Siers Edam 40% sver"},"content":{"rendered":"<p>Sast\u0101vs: Govs piens, s\u0101ls, cietin\u0101t\u0101js &#8212; kalcija hlor\u012bds, recin\u0101t\u0101js \u2013 ferments himoz\u012bns (mikrobiolo\u0123iskas izcelsmes), piensk\u0101bes bakt\u0113riju ieraugs.  Ener\u0123\u0113tisk\u0101 v\u0113rt\u012bba: 1293 kJ\/311 kcal Tauki 23g, tostarp pies\u0101tin\u0101t\u0101s tauksk\u0101bes 15 g  Og\u013chidr\u0101ti 0g, tostarp cukuri 0 g, 0 g \u0160\u0137iedrvielas 0 g Olbaltumvielas 26 g S\u0101ls 1.5 g.<\/p>\n","protected":false},"excerpt":{"rendered":"<p>5.99 \u20ac\/kg<\/p>\n","protected":false},"featured_media":1242776,"template":"","meta":{"_acf_changed":false,"inline_featured_image":false},"product_cat":[600,95],"product_tag":[],"acf":[],"aioseo_notices":[],"_links":{"self":[{"href":"https:\/\/ventspils.citro.lv\/ru\/wp-json\/wp\/v2\/product\/1213245"}],"collection":[{"href":"https:\/\/ventspils.citro.lv\/ru\/wp-json\/wp\/v2\/product"}],"about":[{"href":"https:\/\/ventspils.citro.lv\/ru\/wp-json\/wp\/v2\/types\/product"}],"wp:featuredmedia":[{"embeddable":true,"href":"https:\/\/ventspils.citro.lv\/ru\/wp-json\/wp\/v2\/media\/1242776"}],"wp:attachment":[{"href":"https:\/\/ventspils.citro.lv\/ru\/wp-json\/wp\/v2\/media?parent=1213245"}],"wp:term":[{"taxonomy":"product_cat","embeddable":true,"href":"https:\/\/ventspils.citro.lv\/ru\/wp-json\/wp\/v2\/product_cat?post=1213245"},{"taxonomy":"product_tag","embeddable":true,"href":"https:\/\/ventspils.citro.lv\/ru\/wp-json\/wp\/v2\/product_tag?post=1213245"}],"curies":[{"name":"wp","href":"https:\/\/api.w.org\/{rel}","templated":true}]}}