{"id":1213241,"date":"2026-04-10T04:03:35","date_gmt":"2026-04-10T01:03:35","guid":{"rendered":"https:\/\/ventspils.citro.lv\/veikals\/teja-maminam-hipp-zidisanas-perioda-200g\/"},"modified":"2026-04-10T04:03:40","modified_gmt":"2026-04-10T01:03:40","slug":"teja-maminam-hipp-zidisanas-perioda-200g","status":"publish","type":"product","link":"https:\/\/ventspils.citro.lv\/ru\/veikals\/teja-maminam-hipp-zidisanas-perioda-200g\/","title":{"rendered":"T\u0113ja m\u0101mi\u0146\u0101m Hipp z\u012bd\u012b\u0161anas period\u0101 200g"},"content":{"rendered":"","protected":false},"excerpt":{"rendered":"<p>38.95 \u20ac\/kg<\/p>\n","protected":false},"featured_media":1242744,"template":"","meta":{"_acf_changed":false,"inline_featured_image":false},"product_cat":[172,173],"product_tag":[],"acf":[],"aioseo_notices":[],"_links":{"self":[{"href":"https:\/\/ventspils.citro.lv\/ru\/wp-json\/wp\/v2\/product\/1213241"}],"collection":[{"href":"https:\/\/ventspils.citro.lv\/ru\/wp-json\/wp\/v2\/product"}],"about":[{"href":"https:\/\/ventspils.citro.lv\/ru\/wp-json\/wp\/v2\/types\/product"}],"wp:featuredmedia":[{"embeddable":true,"href":"https:\/\/ventspils.citro.lv\/ru\/wp-json\/wp\/v2\/media\/1242744"}],"wp:attachment":[{"href":"https:\/\/ventspils.citro.lv\/ru\/wp-json\/wp\/v2\/media?parent=1213241"}],"wp:term":[{"taxonomy":"product_cat","embeddable":true,"href":"https:\/\/ventspils.citro.lv\/ru\/wp-json\/wp\/v2\/product_cat?post=1213241"},{"taxonomy":"product_tag","embeddable":true,"href":"https:\/\/ventspils.citro.lv\/ru\/wp-json\/wp\/v2\/product_tag?post=1213241"}],"curies":[{"name":"wp","href":"https:\/\/api.w.org\/{rel}","templated":true}]}}