{"id":1206349,"date":"2026-03-31T05:06:54","date_gmt":"2026-03-31T02:06:54","guid":{"rendered":"https:\/\/ventspils.citro.lv\/veikals\/sokolade-tumsa-ar-mango-pildijumu-pergale-100g\/"},"modified":"2026-03-31T05:07:06","modified_gmt":"2026-03-31T02:07:06","slug":"sokolade-tumsa-ar-mango-pildijumu-pergale-100g","status":"publish","type":"product","link":"https:\/\/ventspils.citro.lv\/ru\/veikals\/sokolade-tumsa-ar-mango-pildijumu-pergale-100g\/","title":{"rendered":"\u0160okol\u0101de tum\u0161\u0101 ar mango pild\u012bjumu Pergale 100g"},"content":{"rendered":"","protected":false},"excerpt":{"rendered":"<p>16.90 \u20ac\/kg<\/p>\n","protected":false},"featured_media":1238486,"template":"","meta":{"_acf_changed":false,"inline_featured_image":false},"product_cat":[547,125],"product_tag":[],"acf":[],"aioseo_notices":[],"_links":{"self":[{"href":"https:\/\/ventspils.citro.lv\/ru\/wp-json\/wp\/v2\/product\/1206349"}],"collection":[{"href":"https:\/\/ventspils.citro.lv\/ru\/wp-json\/wp\/v2\/product"}],"about":[{"href":"https:\/\/ventspils.citro.lv\/ru\/wp-json\/wp\/v2\/types\/product"}],"wp:featuredmedia":[{"embeddable":true,"href":"https:\/\/ventspils.citro.lv\/ru\/wp-json\/wp\/v2\/media\/1238486"}],"wp:attachment":[{"href":"https:\/\/ventspils.citro.lv\/ru\/wp-json\/wp\/v2\/media?parent=1206349"}],"wp:term":[{"taxonomy":"product_cat","embeddable":true,"href":"https:\/\/ventspils.citro.lv\/ru\/wp-json\/wp\/v2\/product_cat?post=1206349"},{"taxonomy":"product_tag","embeddable":true,"href":"https:\/\/ventspils.citro.lv\/ru\/wp-json\/wp\/v2\/product_tag?post=1206349"}],"curies":[{"name":"wp","href":"https:\/\/api.w.org\/{rel}","templated":true}]}}