{"id":1206342,"date":"2026-03-31T05:06:16","date_gmt":"2026-03-31T02:06:16","guid":{"rendered":"https:\/\/ventspils.citro.lv\/veikals\/sokolades-batonins-vafelu-prince-polo-coconut-45g\/"},"modified":"2026-03-31T05:06:27","modified_gmt":"2026-03-31T02:06:27","slug":"sokolades-batonins-vafelu-prince-polo-coconut-45g","status":"publish","type":"product","link":"https:\/\/ventspils.citro.lv\/ru\/veikals\/sokolades-batonins-vafelu-prince-polo-coconut-45g\/","title":{"rendered":"\u0160okol\u0101des batoni\u0146\u0161 vafe\u013cu Prince Polo Coconut 45g"},"content":{"rendered":"","protected":false},"excerpt":{"rendered":"<p>17.56 \u20ac\/kg<\/p>\n","protected":false},"featured_media":1238480,"template":"","meta":{"_acf_changed":false,"inline_featured_image":false},"product_cat":[556,125],"product_tag":[],"acf":[],"aioseo_notices":[],"_links":{"self":[{"href":"https:\/\/ventspils.citro.lv\/ru\/wp-json\/wp\/v2\/product\/1206342"}],"collection":[{"href":"https:\/\/ventspils.citro.lv\/ru\/wp-json\/wp\/v2\/product"}],"about":[{"href":"https:\/\/ventspils.citro.lv\/ru\/wp-json\/wp\/v2\/types\/product"}],"wp:featuredmedia":[{"embeddable":true,"href":"https:\/\/ventspils.citro.lv\/ru\/wp-json\/wp\/v2\/media\/1238480"}],"wp:attachment":[{"href":"https:\/\/ventspils.citro.lv\/ru\/wp-json\/wp\/v2\/media?parent=1206342"}],"wp:term":[{"taxonomy":"product_cat","embeddable":true,"href":"https:\/\/ventspils.citro.lv\/ru\/wp-json\/wp\/v2\/product_cat?post=1206342"},{"taxonomy":"product_tag","embeddable":true,"href":"https:\/\/ventspils.citro.lv\/ru\/wp-json\/wp\/v2\/product_tag?post=1206342"}],"curies":[{"name":"wp","href":"https:\/\/api.w.org\/{rel}","templated":true}]}}