{"id":1206340,"date":"2026-04-08T06:39:52","date_gmt":"2026-04-08T03:39:52","guid":{"rendered":"https:\/\/ventspils.citro.lv\/veikals\/sokolades-batonins-vafelu-prince-polo-classic-45g\/"},"modified":"2026-04-08T06:40:03","modified_gmt":"2026-04-08T03:40:03","slug":"sokolades-batonins-vafelu-prince-polo-classic-45g","status":"publish","type":"product","link":"https:\/\/ventspils.citro.lv\/ru\/veikals\/sokolades-batonins-vafelu-prince-polo-classic-45g\/","title":{"rendered":"\u0160okol\u0101des batoni\u0146\u0161 vafe\u013cu Prince Polo Classic 45g"},"content":{"rendered":"","protected":false},"excerpt":{"rendered":"<p>17.56 \u20ac\/kg<\/p>\n","protected":false},"featured_media":1241463,"template":"","meta":{"_acf_changed":false,"inline_featured_image":false},"product_cat":[556,125],"product_tag":[],"acf":[],"aioseo_notices":[{"message":"The permalink for this post just changed! This could result in 404 errors for your site visitors.","status":"warning","options":{"id":"0a2ae5f84bc2c0423042ed7ec22d2e40","isDismissible":true,"actions":[{"url":"https:\/\/ventspils.citro.lv\/wp-admin\/admin.php?page=aioseo-redirects","label":"Add Redirect to improve SEO","target":"_blank","class":"aioseo-redirects-slug-changed"}]},"allowedContexts":["posts"]}],"_links":{"self":[{"href":"https:\/\/ventspils.citro.lv\/ru\/wp-json\/wp\/v2\/product\/1206340"}],"collection":[{"href":"https:\/\/ventspils.citro.lv\/ru\/wp-json\/wp\/v2\/product"}],"about":[{"href":"https:\/\/ventspils.citro.lv\/ru\/wp-json\/wp\/v2\/types\/product"}],"wp:featuredmedia":[{"embeddable":true,"href":"https:\/\/ventspils.citro.lv\/ru\/wp-json\/wp\/v2\/media\/1241463"}],"wp:attachment":[{"href":"https:\/\/ventspils.citro.lv\/ru\/wp-json\/wp\/v2\/media?parent=1206340"}],"wp:term":[{"taxonomy":"product_cat","embeddable":true,"href":"https:\/\/ventspils.citro.lv\/ru\/wp-json\/wp\/v2\/product_cat?post=1206340"},{"taxonomy":"product_tag","embeddable":true,"href":"https:\/\/ventspils.citro.lv\/ru\/wp-json\/wp\/v2\/product_tag?post=1206340"}],"curies":[{"name":"wp","href":"https:\/\/api.w.org\/{rel}","templated":true}]}}