{"id":1206328,"date":"2026-04-08T06:33:37","date_gmt":"2026-04-08T03:33:37","guid":{"rendered":"https:\/\/ventspils.citro.lv\/veikals\/konfektes-zelejas-pedro-tropical-mix-80g\/"},"modified":"2026-04-08T06:33:42","modified_gmt":"2026-04-08T03:33:42","slug":"konfektes-zelejas-pedro-tropical-mix-80g","status":"publish","type":"product","link":"https:\/\/ventspils.citro.lv\/ru\/veikals\/konfektes-zelejas-pedro-tropical-mix-80g\/","title":{"rendered":"Konfektes \u017eelejas Pedro Tropical Mix 80g"},"content":{"rendered":"<p>Sast\u0101vda\u013cas: cukurs, glikozes s\u012brups, \u016bdens, \u017eelat\u012bns, aug\u013cu sulas no koncentr\u0101ta 1,23% (no ananasiem, apels\u012bniem, mandar\u012bniem, guavas, aprikoz\u0113m, mango, marakujas, ban\u0101niem, \u0101boliem, papaijas, laima), sk\u0101buma regul\u0113t\u0101js (citronsk\u0101be), spirul\u012bnas koncentr\u0101ts, saflora koncentr\u0101ts, melno burk\u0101nu sulas koncentr\u0101ts, hibiska un burk\u0101nu koncentr\u0101ts, aromatiz\u0113t\u0101ji, glaz\u0113t\u0101jviela (karnaubas vasks).<\/p>\n","protected":false},"excerpt":{"rendered":"<p>11.13 \u20ac\/kg<\/p>\n","protected":false},"featured_media":1241429,"template":"","meta":{"_acf_changed":false,"inline_featured_image":false},"product_cat":[533,125],"product_tag":[],"acf":[],"aioseo_notices":[],"_links":{"self":[{"href":"https:\/\/ventspils.citro.lv\/ru\/wp-json\/wp\/v2\/product\/1206328"}],"collection":[{"href":"https:\/\/ventspils.citro.lv\/ru\/wp-json\/wp\/v2\/product"}],"about":[{"href":"https:\/\/ventspils.citro.lv\/ru\/wp-json\/wp\/v2\/types\/product"}],"wp:featuredmedia":[{"embeddable":true,"href":"https:\/\/ventspils.citro.lv\/ru\/wp-json\/wp\/v2\/media\/1241429"}],"wp:attachment":[{"href":"https:\/\/ventspils.citro.lv\/ru\/wp-json\/wp\/v2\/media?parent=1206328"}],"wp:term":[{"taxonomy":"product_cat","embeddable":true,"href":"https:\/\/ventspils.citro.lv\/ru\/wp-json\/wp\/v2\/product_cat?post=1206328"},{"taxonomy":"product_tag","embeddable":true,"href":"https:\/\/ventspils.citro.lv\/ru\/wp-json\/wp\/v2\/product_tag?post=1206328"}],"curies":[{"name":"wp","href":"https:\/\/api.w.org\/{rel}","templated":true}]}}