{"id":1206326,"date":"2026-04-08T06:33:26","date_gmt":"2026-04-08T03:33:26","guid":{"rendered":"https:\/\/ventspils.citro.lv\/veikals\/konfektes-zelejas-pedro-apple-rings-80g\/"},"modified":"2026-04-13T14:14:16","modified_gmt":"2026-04-13T11:14:16","slug":"konfektes-zelejas-pedro-apple-rings-80g","status":"publish","type":"product","link":"https:\/\/ventspils.citro.lv\/ru\/veikals\/konfektes-zelejas-pedro-apple-rings-80g\/","title":{"rendered":"Konfektes \u017eelejas Pedro Apple Rings 80g"},"content":{"rendered":"<p>Sast\u0101vda\u013cas: glikozes s\u012brups, cukurs, 5% \u0101bolu sula no koncentr\u0101ta, \u017eelat\u012bns, sk\u0101buma regul\u0113t\u0101js (citronsk\u0101be), sk\u0101bes (PIENSk\u0101be, fum\u0101rsk\u0101be), biezin\u0101t\u0101js (pekt\u012bns), spirul\u012bnas koncentr\u0101ts, saflora koncentr\u0101ts, dab\u012bgie aromatiz\u0113t\u0101ji.<\/p>\n","protected":false},"excerpt":{"rendered":"<p>11.13 \u20ac\/kg<\/p>\n","protected":false},"featured_media":1241428,"template":"","meta":{"_acf_changed":false,"inline_featured_image":false},"product_cat":[533,125],"product_tag":[],"acf":[],"aioseo_notices":[],"_links":{"self":[{"href":"https:\/\/ventspils.citro.lv\/ru\/wp-json\/wp\/v2\/product\/1206326"}],"collection":[{"href":"https:\/\/ventspils.citro.lv\/ru\/wp-json\/wp\/v2\/product"}],"about":[{"href":"https:\/\/ventspils.citro.lv\/ru\/wp-json\/wp\/v2\/types\/product"}],"wp:featuredmedia":[{"embeddable":true,"href":"https:\/\/ventspils.citro.lv\/ru\/wp-json\/wp\/v2\/media\/1241428"}],"wp:attachment":[{"href":"https:\/\/ventspils.citro.lv\/ru\/wp-json\/wp\/v2\/media?parent=1206326"}],"wp:term":[{"taxonomy":"product_cat","embeddable":true,"href":"https:\/\/ventspils.citro.lv\/ru\/wp-json\/wp\/v2\/product_cat?post=1206326"},{"taxonomy":"product_tag","embeddable":true,"href":"https:\/\/ventspils.citro.lv\/ru\/wp-json\/wp\/v2\/product_tag?post=1206326"}],"curies":[{"name":"wp","href":"https:\/\/api.w.org\/{rel}","templated":true}]}}