{"id":1206302,"date":"2026-05-14T02:42:56","date_gmt":"2026-05-13T23:42:56","guid":{"rendered":"https:\/\/ventspils.citro.lv\/veikals\/konservs-bretlina-apcepta-tomatu-merce-old-riga-280g\/"},"modified":"2026-05-14T02:43:06","modified_gmt":"2026-05-13T23:43:06","slug":"konservs-bretlina-apcepta-tomatu-merce-old-riga-280g","status":"publish","type":"product","link":"https:\/\/ventspils.citro.lv\/ru\/veikals\/konservs-bretlina-apcepta-tomatu-merce-old-riga-280g\/","title":{"rendered":"Konservs br\u0113tli\u0146a apcepta tom\u0101tu m\u0113rc\u0113 OLD RIGA 280g"},"content":{"rendered":"","protected":false},"excerpt":{"rendered":"<p>9.96 \u20ac\/kg<\/p>\n","protected":false},"featured_media":1260745,"template":"","meta":{"_acf_changed":false,"inline_featured_image":false},"product_cat":[540,135],"product_tag":[],"acf":[],"aioseo_notices":[],"_links":{"self":[{"href":"https:\/\/ventspils.citro.lv\/ru\/wp-json\/wp\/v2\/product\/1206302"}],"collection":[{"href":"https:\/\/ventspils.citro.lv\/ru\/wp-json\/wp\/v2\/product"}],"about":[{"href":"https:\/\/ventspils.citro.lv\/ru\/wp-json\/wp\/v2\/types\/product"}],"wp:featuredmedia":[{"embeddable":true,"href":"https:\/\/ventspils.citro.lv\/ru\/wp-json\/wp\/v2\/media\/1260745"}],"wp:attachment":[{"href":"https:\/\/ventspils.citro.lv\/ru\/wp-json\/wp\/v2\/media?parent=1206302"}],"wp:term":[{"taxonomy":"product_cat","embeddable":true,"href":"https:\/\/ventspils.citro.lv\/ru\/wp-json\/wp\/v2\/product_cat?post=1206302"},{"taxonomy":"product_tag","embeddable":true,"href":"https:\/\/ventspils.citro.lv\/ru\/wp-json\/wp\/v2\/product_tag?post=1206302"}],"curies":[{"name":"wp","href":"https:\/\/api.w.org\/{rel}","templated":true}]}}