{"id":1206292,"date":"2026-04-23T11:00:03","date_gmt":"2026-04-23T08:00:03","guid":{"rendered":"https:\/\/ventspils.citro.lv\/veikals\/sokolade-piena-ar-meza-ogu-pildijumu-pergale-100g\/"},"modified":"2026-04-23T11:00:08","modified_gmt":"2026-04-23T08:00:08","slug":"sokolade-piena-ar-meza-ogu-pildijumu-pergale-100g","status":"publish","type":"product","link":"https:\/\/ventspils.citro.lv\/ru\/veikals\/sokolade-piena-ar-meza-ogu-pildijumu-pergale-100g\/","title":{"rendered":"\u0160okol\u0101de piena ar me\u017ea ogu pild\u012bjumu Pergale 100g"},"content":{"rendered":"","protected":false},"excerpt":{"rendered":"<p>16.90 \u20ac\/kg<\/p>\n","protected":false},"featured_media":1250972,"template":"","meta":{"_acf_changed":false,"inline_featured_image":false},"product_cat":[547,125],"product_tag":[],"acf":[],"aioseo_notices":[],"_links":{"self":[{"href":"https:\/\/ventspils.citro.lv\/ru\/wp-json\/wp\/v2\/product\/1206292"}],"collection":[{"href":"https:\/\/ventspils.citro.lv\/ru\/wp-json\/wp\/v2\/product"}],"about":[{"href":"https:\/\/ventspils.citro.lv\/ru\/wp-json\/wp\/v2\/types\/product"}],"wp:featuredmedia":[{"embeddable":true,"href":"https:\/\/ventspils.citro.lv\/ru\/wp-json\/wp\/v2\/media\/1250972"}],"wp:attachment":[{"href":"https:\/\/ventspils.citro.lv\/ru\/wp-json\/wp\/v2\/media?parent=1206292"}],"wp:term":[{"taxonomy":"product_cat","embeddable":true,"href":"https:\/\/ventspils.citro.lv\/ru\/wp-json\/wp\/v2\/product_cat?post=1206292"},{"taxonomy":"product_tag","embeddable":true,"href":"https:\/\/ventspils.citro.lv\/ru\/wp-json\/wp\/v2\/product_tag?post=1206292"}],"curies":[{"name":"wp","href":"https:\/\/api.w.org\/{rel}","templated":true}]}}