{"id":1205448,"date":"2026-04-14T04:58:01","date_gmt":"2026-04-14T01:58:01","guid":{"rendered":"https:\/\/ventspils.citro.lv\/veikals\/bariba-kakiem-whiskas-7-ar-vistas-galu-senioriem-800g-2\/"},"modified":"2026-04-14T04:58:05","modified_gmt":"2026-04-14T01:58:05","slug":"bariba-kakiem-whiskas-7-ar-vistas-galu-senioriem-800g-2","status":"publish","type":"product","link":"https:\/\/ventspils.citro.lv\/ru\/veikals\/bariba-kakiem-whiskas-7-ar-vistas-galu-senioriem-800g-2\/","title":{"rendered":"Bar\u012bba ka\u0137iem Whiskas 7+ ar vistas ga\u013cu senioriem 800g"},"content":{"rendered":"","protected":false},"excerpt":{"rendered":"<p>5.78 \u20ac\/kg<\/p>\n","protected":false},"featured_media":1245870,"template":"","meta":{"_acf_changed":false,"inline_featured_image":false},"product_cat":[153,175],"product_tag":[],"acf":[],"aioseo_notices":[],"_links":{"self":[{"href":"https:\/\/ventspils.citro.lv\/ru\/wp-json\/wp\/v2\/product\/1205448"}],"collection":[{"href":"https:\/\/ventspils.citro.lv\/ru\/wp-json\/wp\/v2\/product"}],"about":[{"href":"https:\/\/ventspils.citro.lv\/ru\/wp-json\/wp\/v2\/types\/product"}],"wp:featuredmedia":[{"embeddable":true,"href":"https:\/\/ventspils.citro.lv\/ru\/wp-json\/wp\/v2\/media\/1245870"}],"wp:attachment":[{"href":"https:\/\/ventspils.citro.lv\/ru\/wp-json\/wp\/v2\/media?parent=1205448"}],"wp:term":[{"taxonomy":"product_cat","embeddable":true,"href":"https:\/\/ventspils.citro.lv\/ru\/wp-json\/wp\/v2\/product_cat?post=1205448"},{"taxonomy":"product_tag","embeddable":true,"href":"https:\/\/ventspils.citro.lv\/ru\/wp-json\/wp\/v2\/product_tag?post=1205448"}],"curies":[{"name":"wp","href":"https:\/\/api.w.org\/{rel}","templated":true}]}}