{"id":1205443,"date":"2026-03-27T12:46:00","date_gmt":"2026-03-27T10:46:00","guid":{"rendered":"https:\/\/ventspils.citro.lv\/veikals\/bariba-kakiem-whiskas-junior-ar-vistas-galu-300g\/"},"modified":"2026-03-27T12:46:04","modified_gmt":"2026-03-27T10:46:04","slug":"bariba-kakiem-whiskas-junior-ar-vistas-galu-300g","status":"publish","type":"product","link":"https:\/\/ventspils.citro.lv\/ru\/veikals\/bariba-kakiem-whiskas-junior-ar-vistas-galu-300g\/","title":{"rendered":"Bar\u012bba ka\u0137iem Whiskas Junior ar vistas ga\u013cu 300g"},"content":{"rendered":"","protected":false},"excerpt":{"rendered":"<p>4.90 \u20ac\/kg<\/p>\n","protected":false},"featured_media":1237116,"template":"","meta":{"_acf_changed":false,"inline_featured_image":false},"product_cat":[153,175],"product_tag":[],"acf":[],"aioseo_notices":[],"_links":{"self":[{"href":"https:\/\/ventspils.citro.lv\/ru\/wp-json\/wp\/v2\/product\/1205443"}],"collection":[{"href":"https:\/\/ventspils.citro.lv\/ru\/wp-json\/wp\/v2\/product"}],"about":[{"href":"https:\/\/ventspils.citro.lv\/ru\/wp-json\/wp\/v2\/types\/product"}],"wp:featuredmedia":[{"embeddable":true,"href":"https:\/\/ventspils.citro.lv\/ru\/wp-json\/wp\/v2\/media\/1237116"}],"wp:attachment":[{"href":"https:\/\/ventspils.citro.lv\/ru\/wp-json\/wp\/v2\/media?parent=1205443"}],"wp:term":[{"taxonomy":"product_cat","embeddable":true,"href":"https:\/\/ventspils.citro.lv\/ru\/wp-json\/wp\/v2\/product_cat?post=1205443"},{"taxonomy":"product_tag","embeddable":true,"href":"https:\/\/ventspils.citro.lv\/ru\/wp-json\/wp\/v2\/product_tag?post=1205443"}],"curies":[{"name":"wp","href":"https:\/\/api.w.org\/{rel}","templated":true}]}}