{"id":1205442,"date":"2026-04-09T05:09:14","date_gmt":"2026-04-09T02:09:14","guid":{"rendered":"https:\/\/ventspils.citro.lv\/veikals\/bariba-kakiem-friskies-sausa-lasis-800g\/"},"modified":"2026-04-09T05:09:18","modified_gmt":"2026-04-09T02:09:18","slug":"bariba-kakiem-friskies-sausa-lasis-800g","status":"publish","type":"product","link":"https:\/\/ventspils.citro.lv\/ru\/veikals\/bariba-kakiem-friskies-sausa-lasis-800g\/","title":{"rendered":"Bar\u012bba ka\u0137iem Friskies saus\u0101 lasis 800g"},"content":{"rendered":"","protected":false},"excerpt":{"rendered":"<p>3.39 \u20ac\/kg<\/p>\n","protected":false},"featured_media":1242492,"template":"","meta":{"_acf_changed":false,"inline_featured_image":false},"product_cat":[153,175],"product_tag":[],"acf":[],"aioseo_notices":[],"_links":{"self":[{"href":"https:\/\/ventspils.citro.lv\/ru\/wp-json\/wp\/v2\/product\/1205442"}],"collection":[{"href":"https:\/\/ventspils.citro.lv\/ru\/wp-json\/wp\/v2\/product"}],"about":[{"href":"https:\/\/ventspils.citro.lv\/ru\/wp-json\/wp\/v2\/types\/product"}],"wp:featuredmedia":[{"embeddable":true,"href":"https:\/\/ventspils.citro.lv\/ru\/wp-json\/wp\/v2\/media\/1242492"}],"wp:attachment":[{"href":"https:\/\/ventspils.citro.lv\/ru\/wp-json\/wp\/v2\/media?parent=1205442"}],"wp:term":[{"taxonomy":"product_cat","embeddable":true,"href":"https:\/\/ventspils.citro.lv\/ru\/wp-json\/wp\/v2\/product_cat?post=1205442"},{"taxonomy":"product_tag","embeddable":true,"href":"https:\/\/ventspils.citro.lv\/ru\/wp-json\/wp\/v2\/product_tag?post=1205442"}],"curies":[{"name":"wp","href":"https:\/\/api.w.org\/{rel}","templated":true}]}}