{"id":1205441,"date":"2026-03-27T12:45:48","date_gmt":"2026-03-27T10:45:48","guid":{"rendered":"https:\/\/ventspils.citro.lv\/veikals\/bariba-kakiem-friskies-sausa-vista-800g\/"},"modified":"2026-03-27T12:45:53","modified_gmt":"2026-03-27T10:45:53","slug":"bariba-kakiem-friskies-sausa-vista-800g","status":"publish","type":"product","link":"https:\/\/ventspils.citro.lv\/ru\/veikals\/bariba-kakiem-friskies-sausa-vista-800g\/","title":{"rendered":"Bar\u012bba ka\u0137iem Friskies saus\u0101 vista 800g"},"content":{"rendered":"","protected":false},"excerpt":{"rendered":"<p>3.29 \u20ac\/kg<\/p>\n","protected":false},"featured_media":1237114,"template":"","meta":{"_acf_changed":false,"inline_featured_image":false},"product_cat":[153,175],"product_tag":[],"acf":[],"aioseo_notices":[],"_links":{"self":[{"href":"https:\/\/ventspils.citro.lv\/ru\/wp-json\/wp\/v2\/product\/1205441"}],"collection":[{"href":"https:\/\/ventspils.citro.lv\/ru\/wp-json\/wp\/v2\/product"}],"about":[{"href":"https:\/\/ventspils.citro.lv\/ru\/wp-json\/wp\/v2\/types\/product"}],"wp:featuredmedia":[{"embeddable":true,"href":"https:\/\/ventspils.citro.lv\/ru\/wp-json\/wp\/v2\/media\/1237114"}],"wp:attachment":[{"href":"https:\/\/ventspils.citro.lv\/ru\/wp-json\/wp\/v2\/media?parent=1205441"}],"wp:term":[{"taxonomy":"product_cat","embeddable":true,"href":"https:\/\/ventspils.citro.lv\/ru\/wp-json\/wp\/v2\/product_cat?post=1205441"},{"taxonomy":"product_tag","embeddable":true,"href":"https:\/\/ventspils.citro.lv\/ru\/wp-json\/wp\/v2\/product_tag?post=1205441"}],"curies":[{"name":"wp","href":"https:\/\/api.w.org\/{rel}","templated":true}]}}