{"id":1198418,"date":"2026-05-06T03:12:37","date_gmt":"2026-05-06T00:12:37","guid":{"rendered":"https:\/\/ventspils.citro.lv\/veikals\/tirisanas-lidzeklis-gridam-univer-dr-prakti-flower1500-ml\/"},"modified":"2026-05-06T03:12:41","modified_gmt":"2026-05-06T00:12:41","slug":"tirisanas-lidzeklis-gridam-univer-dr-prakti-flower1500-ml","status":"publish","type":"product","link":"https:\/\/ventspils.citro.lv\/ru\/veikals\/tirisanas-lidzeklis-gridam-univer-dr-prakti-flower1500-ml\/","title":{"rendered":"T\u012br\u012b\u0161anas l\u012bdzeklis gr\u012bd\u0101m univer. Dr. Prakti Flower1500 ml"},"content":{"rendered":"","protected":false},"excerpt":{"rendered":"<p>0.99 \u20ac\/gb<\/p>\n","protected":false},"featured_media":1256440,"template":"","meta":{"_acf_changed":false,"inline_featured_image":false},"product_cat":[131,169],"product_tag":[],"acf":[],"aioseo_notices":[],"_links":{"self":[{"href":"https:\/\/ventspils.citro.lv\/ru\/wp-json\/wp\/v2\/product\/1198418"}],"collection":[{"href":"https:\/\/ventspils.citro.lv\/ru\/wp-json\/wp\/v2\/product"}],"about":[{"href":"https:\/\/ventspils.citro.lv\/ru\/wp-json\/wp\/v2\/types\/product"}],"wp:featuredmedia":[{"embeddable":true,"href":"https:\/\/ventspils.citro.lv\/ru\/wp-json\/wp\/v2\/media\/1256440"}],"wp:attachment":[{"href":"https:\/\/ventspils.citro.lv\/ru\/wp-json\/wp\/v2\/media?parent=1198418"}],"wp:term":[{"taxonomy":"product_cat","embeddable":true,"href":"https:\/\/ventspils.citro.lv\/ru\/wp-json\/wp\/v2\/product_cat?post=1198418"},{"taxonomy":"product_tag","embeddable":true,"href":"https:\/\/ventspils.citro.lv\/ru\/wp-json\/wp\/v2\/product_tag?post=1198418"}],"curies":[{"name":"wp","href":"https:\/\/api.w.org\/{rel}","templated":true}]}}