{"id":1198410,"date":"2026-04-28T04:54:15","date_gmt":"2026-04-28T01:54:15","guid":{"rendered":"https:\/\/ventspils.citro.lv\/veikals\/cepumi-lovita-ar-kakao-brownie-roshen-lovita-152g\/"},"modified":"2026-04-28T04:54:18","modified_gmt":"2026-04-28T01:54:18","slug":"cepumi-lovita-ar-kakao-brownie-roshen-lovita-152g","status":"publish","type":"product","link":"https:\/\/ventspils.citro.lv\/ru\/veikals\/cepumi-lovita-ar-kakao-brownie-roshen-lovita-152g\/","title":{"rendered":"Cepumi Lovita ar kakao Brownie Roshen Lovita 152g"},"content":{"rendered":"<p>Sast\u0101vda\u013cas: kvie\u0161u milti, palmu e\u013c\u013ca, cukurs, olu baltumu un dzeltenumu mais\u012bjums, mitrumuztur\u0113t\u0101js: glicer\u012bns; kakao pulveris ar samazin\u0101tu tauku saturu 6 %, glikozes-fruktozes s\u012brups, modific\u0113ta ciete, s\u0101ls, emulgatori: lecit\u012bni (satur soju), irdin\u0101t\u0101ji: n\u0101trija hidrog\u0113nkarbon\u0101ts, amonija hidrog\u0113nkarbon\u0101ts; aromatiz\u0113t\u0101ji.Produkts var satur\u0113t piena produktus, lazdu riekstus, mandeles, zemesriekstus un sezama s\u0113klas.<\/p>\n","protected":false},"excerpt":{"rendered":"<p>7.83 \u20ac\/kg<\/p>\n","protected":false},"featured_media":1254665,"template":"","meta":{"_acf_changed":false,"inline_featured_image":false},"product_cat":[125,139],"product_tag":[],"acf":[],"aioseo_notices":[],"_links":{"self":[{"href":"https:\/\/ventspils.citro.lv\/ru\/wp-json\/wp\/v2\/product\/1198410"}],"collection":[{"href":"https:\/\/ventspils.citro.lv\/ru\/wp-json\/wp\/v2\/product"}],"about":[{"href":"https:\/\/ventspils.citro.lv\/ru\/wp-json\/wp\/v2\/types\/product"}],"wp:featuredmedia":[{"embeddable":true,"href":"https:\/\/ventspils.citro.lv\/ru\/wp-json\/wp\/v2\/media\/1254665"}],"wp:attachment":[{"href":"https:\/\/ventspils.citro.lv\/ru\/wp-json\/wp\/v2\/media?parent=1198410"}],"wp:term":[{"taxonomy":"product_cat","embeddable":true,"href":"https:\/\/ventspils.citro.lv\/ru\/wp-json\/wp\/v2\/product_cat?post=1198410"},{"taxonomy":"product_tag","embeddable":true,"href":"https:\/\/ventspils.citro.lv\/ru\/wp-json\/wp\/v2\/product_tag?post=1198410"}],"curies":[{"name":"wp","href":"https:\/\/api.w.org\/{rel}","templated":true}]}}