{"id":1198408,"date":"2026-05-01T01:45:02","date_gmt":"2026-04-30T22:45:02","guid":{"rendered":"https:\/\/ventspils.citro.lv\/veikals\/cepumi-lovita-ar-citronu-blondie-brownie-roshen152g\/"},"modified":"2026-05-01T01:45:16","modified_gmt":"2026-04-30T22:45:16","slug":"cepumi-lovita-ar-citronu-blondie-brownie-roshen152g","status":"publish","type":"product","link":"https:\/\/ventspils.citro.lv\/ru\/veikals\/cepumi-lovita-ar-citronu-blondie-brownie-roshen152g\/","title":{"rendered":"Cepumi Lovita ar citronu Blondie Brownie Roshen152g"},"content":{"rendered":"<p>Sast\u0101vda\u013cas: kvie\u0161u milti, palmu e\u013c\u013ca, cukurs, olu baltumu un dzeltenumu mais\u012bjums, mitrumuztur\u0113t\u0101js: glicer\u012bns; glikozes-fruktozes s\u012brups, modific\u0113ta ciete, olu dzeltenumu pulveris, koncentr\u0113ta citronu sula 0,6 %, s\u0101ls, aromatiz\u0113t\u0101js, irdin\u0101t\u0101js: amonija hidrog\u0113nkarbon\u0101ts, emulgatori: lecit\u012bni (satur soju), kr\u0101sviela: kurkum\u012bns.Produkts var satur\u0113t piena produktus, lazdu riekstus, mandeles, zemesriekstus un sezama s\u0113klas.<\/p>\n","protected":false},"excerpt":{"rendered":"<p>7.83 \u20ac\/kg<\/p>\n","protected":false},"featured_media":1255428,"template":"","meta":{"_acf_changed":false,"inline_featured_image":false},"product_cat":[125,139],"product_tag":[],"acf":[],"aioseo_notices":[],"_links":{"self":[{"href":"https:\/\/ventspils.citro.lv\/ru\/wp-json\/wp\/v2\/product\/1198408"}],"collection":[{"href":"https:\/\/ventspils.citro.lv\/ru\/wp-json\/wp\/v2\/product"}],"about":[{"href":"https:\/\/ventspils.citro.lv\/ru\/wp-json\/wp\/v2\/types\/product"}],"wp:featuredmedia":[{"embeddable":true,"href":"https:\/\/ventspils.citro.lv\/ru\/wp-json\/wp\/v2\/media\/1255428"}],"wp:attachment":[{"href":"https:\/\/ventspils.citro.lv\/ru\/wp-json\/wp\/v2\/media?parent=1198408"}],"wp:term":[{"taxonomy":"product_cat","embeddable":true,"href":"https:\/\/ventspils.citro.lv\/ru\/wp-json\/wp\/v2\/product_cat?post=1198408"},{"taxonomy":"product_tag","embeddable":true,"href":"https:\/\/ventspils.citro.lv\/ru\/wp-json\/wp\/v2\/product_tag?post=1198408"}],"curies":[{"name":"wp","href":"https:\/\/api.w.org\/{rel}","templated":true}]}}