{"id":1198404,"date":"2026-04-24T11:51:38","date_gmt":"2026-04-24T08:51:38","guid":{"rendered":"https:\/\/ventspils.citro.lv\/veikals\/sokolade-piena-ar-riekstiem-un-sali-pergale-85g\/"},"modified":"2026-04-24T11:51:49","modified_gmt":"2026-04-24T08:51:49","slug":"sokolade-piena-ar-riekstiem-un-sali-pergale-85g","status":"publish","type":"product","link":"https:\/\/ventspils.citro.lv\/ru\/veikals\/sokolade-piena-ar-riekstiem-un-sali-pergale-85g\/","title":{"rendered":"\u0160okol\u0101de piena ar riekstiem un s\u0101li Pergale 85g"},"content":{"rendered":"","protected":false},"excerpt":{"rendered":"<p>31.65 \u20ac\/kg<\/p>\n","protected":false},"featured_media":1253419,"template":"","meta":{"_acf_changed":false,"inline_featured_image":false},"product_cat":[547,125],"product_tag":[],"acf":[],"aioseo_notices":[],"_links":{"self":[{"href":"https:\/\/ventspils.citro.lv\/ru\/wp-json\/wp\/v2\/product\/1198404"}],"collection":[{"href":"https:\/\/ventspils.citro.lv\/ru\/wp-json\/wp\/v2\/product"}],"about":[{"href":"https:\/\/ventspils.citro.lv\/ru\/wp-json\/wp\/v2\/types\/product"}],"wp:featuredmedia":[{"embeddable":true,"href":"https:\/\/ventspils.citro.lv\/ru\/wp-json\/wp\/v2\/media\/1253419"}],"wp:attachment":[{"href":"https:\/\/ventspils.citro.lv\/ru\/wp-json\/wp\/v2\/media?parent=1198404"}],"wp:term":[{"taxonomy":"product_cat","embeddable":true,"href":"https:\/\/ventspils.citro.lv\/ru\/wp-json\/wp\/v2\/product_cat?post=1198404"},{"taxonomy":"product_tag","embeddable":true,"href":"https:\/\/ventspils.citro.lv\/ru\/wp-json\/wp\/v2\/product_tag?post=1198404"}],"curies":[{"name":"wp","href":"https:\/\/api.w.org\/{rel}","templated":true}]}}