{"id":1198397,"date":"2026-03-17T09:33:03","date_gmt":"2026-03-17T07:33:03","guid":{"rendered":"https:\/\/ventspils.citro.lv\/veikals\/pupinu-4-veidu-maisijums-valdo-konservets-400g\/"},"modified":"2026-03-17T09:33:12","modified_gmt":"2026-03-17T07:33:12","slug":"pupinu-4-veidu-maisijums-valdo-konservets-400g","status":"publish","type":"product","link":"https:\/\/ventspils.citro.lv\/ru\/veikals\/pupinu-4-veidu-maisijums-valdo-konservets-400g\/","title":{"rendered":"Pupi\u0146u 4 veidu mais\u012bjums Valdo konserv\u0113ts 400g"},"content":{"rendered":"<p>Pupi\u0146as ,turku zir\u0146i, \u016bdens, s\u0101ls<\/p>\n","protected":false},"excerpt":{"rendered":"<p>3.23 \u20ac\/kg<\/p>\n","protected":false},"featured_media":1227774,"template":"","meta":{"_acf_changed":false,"inline_featured_image":false},"product_cat":[103,137],"product_tag":[],"acf":[],"aioseo_notices":[],"_links":{"self":[{"href":"https:\/\/ventspils.citro.lv\/ru\/wp-json\/wp\/v2\/product\/1198397"}],"collection":[{"href":"https:\/\/ventspils.citro.lv\/ru\/wp-json\/wp\/v2\/product"}],"about":[{"href":"https:\/\/ventspils.citro.lv\/ru\/wp-json\/wp\/v2\/types\/product"}],"wp:featuredmedia":[{"embeddable":true,"href":"https:\/\/ventspils.citro.lv\/ru\/wp-json\/wp\/v2\/media\/1227774"}],"wp:attachment":[{"href":"https:\/\/ventspils.citro.lv\/ru\/wp-json\/wp\/v2\/media?parent=1198397"}],"wp:term":[{"taxonomy":"product_cat","embeddable":true,"href":"https:\/\/ventspils.citro.lv\/ru\/wp-json\/wp\/v2\/product_cat?post=1198397"},{"taxonomy":"product_tag","embeddable":true,"href":"https:\/\/ventspils.citro.lv\/ru\/wp-json\/wp\/v2\/product_tag?post=1198397"}],"curies":[{"name":"wp","href":"https:\/\/api.w.org\/{rel}","templated":true}]}}