{"id":1198395,"date":"2026-04-24T11:48:58","date_gmt":"2026-04-24T08:48:58","guid":{"rendered":"https:\/\/ventspils.citro.lv\/veikals\/pupinas-tomatu-merce-valdo-konservetas-400g\/"},"modified":"2026-04-24T11:49:08","modified_gmt":"2026-04-24T08:49:08","slug":"pupinas-tomatu-merce-valdo-konservetas-400g","status":"publish","type":"product","link":"https:\/\/ventspils.citro.lv\/ru\/veikals\/pupinas-tomatu-merce-valdo-konservetas-400g\/","title":{"rendered":"Pupi\u0146as tom\u0101tu m\u0113rc\u0113 Valdo konserv\u0113tas 400g"},"content":{"rendered":"<p>Pupi\u0146as balt\u0101s 45%, \u016bdens, tom\u0101tu pasta 3%, cukurs, modific\u0113ta kukur\u016bzas ciete, s\u0101ls, dab\u012bgas aromatvielas<\/p>\n","protected":false},"excerpt":{"rendered":"<p>3.23 \u20ac\/kg<\/p>\n","protected":false},"featured_media":1253408,"template":"","meta":{"_acf_changed":false,"inline_featured_image":false},"product_cat":[103,137],"product_tag":[],"acf":[],"aioseo_notices":[],"_links":{"self":[{"href":"https:\/\/ventspils.citro.lv\/ru\/wp-json\/wp\/v2\/product\/1198395"}],"collection":[{"href":"https:\/\/ventspils.citro.lv\/ru\/wp-json\/wp\/v2\/product"}],"about":[{"href":"https:\/\/ventspils.citro.lv\/ru\/wp-json\/wp\/v2\/types\/product"}],"wp:featuredmedia":[{"embeddable":true,"href":"https:\/\/ventspils.citro.lv\/ru\/wp-json\/wp\/v2\/media\/1253408"}],"wp:attachment":[{"href":"https:\/\/ventspils.citro.lv\/ru\/wp-json\/wp\/v2\/media?parent=1198395"}],"wp:term":[{"taxonomy":"product_cat","embeddable":true,"href":"https:\/\/ventspils.citro.lv\/ru\/wp-json\/wp\/v2\/product_cat?post=1198395"},{"taxonomy":"product_tag","embeddable":true,"href":"https:\/\/ventspils.citro.lv\/ru\/wp-json\/wp\/v2\/product_tag?post=1198395"}],"curies":[{"name":"wp","href":"https:\/\/api.w.org\/{rel}","templated":true}]}}