{"id":1198389,"date":"2026-04-24T11:48:24","date_gmt":"2026-04-24T08:48:24","guid":{"rendered":"https:\/\/ventspils.citro.lv\/veikals\/pupinas-sarkanas-valdo-konservetas-400g\/"},"modified":"2026-04-24T11:48:37","modified_gmt":"2026-04-24T08:48:37","slug":"pupinas-sarkanas-valdo-konservetas-400g","status":"publish","type":"product","link":"https:\/\/ventspils.citro.lv\/ru\/veikals\/pupinas-sarkanas-valdo-konservetas-400g\/","title":{"rendered":"Pupi\u0146as sarkan\u0101s Valdo konserv\u0113tas 400g"},"content":{"rendered":"<p>Pupi\u0146as sarkan\u0101s, \u016bdens, s\u0101ls<\/p>\n","protected":false},"excerpt":{"rendered":"<p>3.23 \u20ac\/kg<\/p>\n","protected":false},"featured_media":1253402,"template":"","meta":{"_acf_changed":false,"inline_featured_image":false},"product_cat":[103,137],"product_tag":[],"acf":[],"aioseo_notices":[],"_links":{"self":[{"href":"https:\/\/ventspils.citro.lv\/ru\/wp-json\/wp\/v2\/product\/1198389"}],"collection":[{"href":"https:\/\/ventspils.citro.lv\/ru\/wp-json\/wp\/v2\/product"}],"about":[{"href":"https:\/\/ventspils.citro.lv\/ru\/wp-json\/wp\/v2\/types\/product"}],"wp:featuredmedia":[{"embeddable":true,"href":"https:\/\/ventspils.citro.lv\/ru\/wp-json\/wp\/v2\/media\/1253402"}],"wp:attachment":[{"href":"https:\/\/ventspils.citro.lv\/ru\/wp-json\/wp\/v2\/media?parent=1198389"}],"wp:term":[{"taxonomy":"product_cat","embeddable":true,"href":"https:\/\/ventspils.citro.lv\/ru\/wp-json\/wp\/v2\/product_cat?post=1198389"},{"taxonomy":"product_tag","embeddable":true,"href":"https:\/\/ventspils.citro.lv\/ru\/wp-json\/wp\/v2\/product_tag?post=1198389"}],"curies":[{"name":"wp","href":"https:\/\/api.w.org\/{rel}","templated":true}]}}