{"id":1198374,"date":"2026-04-08T06:33:26","date_gmt":"2026-04-08T03:33:26","guid":{"rendered":"https:\/\/ventspils.citro.lv\/veikals\/konfektes-zelejas-pedro-sharks-80g\/"},"modified":"2026-04-08T06:33:31","modified_gmt":"2026-04-08T03:33:31","slug":"konfektes-zelejas-pedro-sharks-80g","status":"publish","type":"product","link":"https:\/\/ventspils.citro.lv\/ru\/veikals\/konfektes-zelejas-pedro-sharks-80g\/","title":{"rendered":"Konfektes \u017eelejas Pedro Sharks 80g"},"content":{"rendered":"<p>Sast\u0101vda\u013cas: glikozes s\u012brups, cukurs, \u016bdens, 5% v\u012bnogu sula no koncentr\u0101ta, \u017eelat\u012bns, sk\u0101buma regul\u0113t\u0101js (citronsk\u0101be), biezin\u0101t\u0101js (pekt\u012bni), kr\u0101svielas (kurkum\u012bns, briljantzilais FCF), melno burk\u0101nu sulas koncentr\u0101ts, aromatiz\u0113t\u0101ji, glaz\u0113t\u0101jviela (karnaubas vasks).<\/p>\n","protected":false},"excerpt":{"rendered":"<p>11.13 \u20ac\/kg<\/p>\n","protected":false},"featured_media":1241427,"template":"","meta":{"_acf_changed":false,"inline_featured_image":false},"product_cat":[533,125],"product_tag":[],"acf":[],"aioseo_notices":[],"_links":{"self":[{"href":"https:\/\/ventspils.citro.lv\/ru\/wp-json\/wp\/v2\/product\/1198374"}],"collection":[{"href":"https:\/\/ventspils.citro.lv\/ru\/wp-json\/wp\/v2\/product"}],"about":[{"href":"https:\/\/ventspils.citro.lv\/ru\/wp-json\/wp\/v2\/types\/product"}],"wp:featuredmedia":[{"embeddable":true,"href":"https:\/\/ventspils.citro.lv\/ru\/wp-json\/wp\/v2\/media\/1241427"}],"wp:attachment":[{"href":"https:\/\/ventspils.citro.lv\/ru\/wp-json\/wp\/v2\/media?parent=1198374"}],"wp:term":[{"taxonomy":"product_cat","embeddable":true,"href":"https:\/\/ventspils.citro.lv\/ru\/wp-json\/wp\/v2\/product_cat?post=1198374"},{"taxonomy":"product_tag","embeddable":true,"href":"https:\/\/ventspils.citro.lv\/ru\/wp-json\/wp\/v2\/product_tag?post=1198374"}],"curies":[{"name":"wp","href":"https:\/\/api.w.org\/{rel}","templated":true}]}}