{"id":1198370,"date":"2026-04-08T06:33:15","date_gmt":"2026-04-08T03:33:15","guid":{"rendered":"https:\/\/ventspils.citro.lv\/veikals\/konfektes-zelejas-pedro-mini-doubles-80g\/"},"modified":"2026-04-08T06:33:19","modified_gmt":"2026-04-08T03:33:19","slug":"konfektes-zelejas-pedro-mini-doubles-80g","status":"publish","type":"product","link":"https:\/\/ventspils.citro.lv\/ru\/veikals\/konfektes-zelejas-pedro-mini-doubles-80g\/","title":{"rendered":"Konfektes \u017eelejas Pedro Mini Doubles 80g"},"content":{"rendered":"<p>Sast\u0101vda\u013cass: cukurs, KVIE\u0160U milti, glikozes s\u012brups, 15% v\u012bnogu sula no koncentr\u0101ta, augu e\u013c\u013cas (kokosriekstu, basijas), sk\u0101buma regul\u0113t\u0101ji (citronsk\u0101be, n\u0101trija citr\u0101ts), mitrumuztur\u0113t\u0101js (glicerols), d\u0101rze\u0146u sulu koncentr\u0101ti (burk\u0101ns, melnais burk\u0101ns), \u017eelat\u012bns, emulgators (tauksk\u0101bju mono un diglicer\u012bdi), aromatiz\u0113t\u0101ji, hibiska koncentr\u0101ts, spirul\u012bnas koncentr\u0101ts, glaz\u0113t\u0101jviela (\u0161ellaka).<\/p>\n","protected":false},"excerpt":{"rendered":"<p>11.13 \u20ac\/kg<\/p>\n","protected":false},"featured_media":1241425,"template":"","meta":{"_acf_changed":false,"inline_featured_image":false},"product_cat":[533,125],"product_tag":[],"acf":[],"aioseo_notices":[],"_links":{"self":[{"href":"https:\/\/ventspils.citro.lv\/ru\/wp-json\/wp\/v2\/product\/1198370"}],"collection":[{"href":"https:\/\/ventspils.citro.lv\/ru\/wp-json\/wp\/v2\/product"}],"about":[{"href":"https:\/\/ventspils.citro.lv\/ru\/wp-json\/wp\/v2\/types\/product"}],"wp:featuredmedia":[{"embeddable":true,"href":"https:\/\/ventspils.citro.lv\/ru\/wp-json\/wp\/v2\/media\/1241425"}],"wp:attachment":[{"href":"https:\/\/ventspils.citro.lv\/ru\/wp-json\/wp\/v2\/media?parent=1198370"}],"wp:term":[{"taxonomy":"product_cat","embeddable":true,"href":"https:\/\/ventspils.citro.lv\/ru\/wp-json\/wp\/v2\/product_cat?post=1198370"},{"taxonomy":"product_tag","embeddable":true,"href":"https:\/\/ventspils.citro.lv\/ru\/wp-json\/wp\/v2\/product_tag?post=1198370"}],"curies":[{"name":"wp","href":"https:\/\/api.w.org\/{rel}","templated":true}]}}