{"id":1198311,"date":"2026-05-01T01:33:27","date_gmt":"2026-04-30T22:33:27","guid":{"rendered":"https:\/\/ventspils.citro.lv\/veikals\/saldejum-ekselence-ar-pekanriekst-un-salo-karam1l-480g\/"},"modified":"2026-05-01T01:33:36","modified_gmt":"2026-04-30T22:33:36","slug":"saldejum-ekselence-ar-pekanriekst-un-salo-karam1l-480g","status":"publish","type":"product","link":"https:\/\/ventspils.citro.lv\/ru\/veikals\/saldejum-ekselence-ar-pekanriekst-un-salo-karam1l-480g\/","title":{"rendered":"Sald\u0113jum Ekselence ar pekanriekst.un s\u0101\u013co karam1l\/480g"},"content":{"rendered":"<p>PIENS, s\u0101\u013c\u0101s karameles m\u0113rce 10% (glikozes-fruktozes s\u012brups, \u016bdens, iebiezin\u0101ts PIENS ar cukuru, cukurs, SVIESTS, s\u0101ls, biezin\u0101t\u0101js pekt\u012bni, dedzin\u0101ta cukura s\u012brups, dab\u012bgs aromatiz\u0113t\u0101js, emulgators tauksk\u0101bju mono- un diglicer\u012bdu citronsk\u0101bes esteri, antioksidants askorb\u012bnsk\u0101be), cukurs, sviests, karameliz\u0113ti PEKANRIEKSTI 6% (PEKANRIEKSTI 50%, cukurs, karamele (cukurs, \u016bdens), s\u0101ls), \u016bdens, glikozes s\u012brups, saus\u0101s SIERA s\u016bkalas, saldais KR\u0112JUMS, dekstroze, sausais V\u0100JPIENS, emulgators tauksk\u0101bju mono- un diglicer\u012bdi, stabiliz\u0113t\u0101ji: balt\u0101s ak\u0101cijas sve\u0137i, gu\u0101ra sve\u0137i, karagin\u0101ns; dab\u012bgs vani\u013cas ekstrakts, kr\u0101sviela karot\u012bni.<\/p>\n","protected":false},"excerpt":{"rendered":"<p>15.19 \u20ac\/kg<\/p>\n","protected":false},"featured_media":1255395,"template":"","meta":{"_acf_changed":false,"inline_featured_image":false},"product_cat":[233,546],"product_tag":[],"acf":[],"aioseo_notices":[],"_links":{"self":[{"href":"https:\/\/ventspils.citro.lv\/ru\/wp-json\/wp\/v2\/product\/1198311"}],"collection":[{"href":"https:\/\/ventspils.citro.lv\/ru\/wp-json\/wp\/v2\/product"}],"about":[{"href":"https:\/\/ventspils.citro.lv\/ru\/wp-json\/wp\/v2\/types\/product"}],"wp:featuredmedia":[{"embeddable":true,"href":"https:\/\/ventspils.citro.lv\/ru\/wp-json\/wp\/v2\/media\/1255395"}],"wp:attachment":[{"href":"https:\/\/ventspils.citro.lv\/ru\/wp-json\/wp\/v2\/media?parent=1198311"}],"wp:term":[{"taxonomy":"product_cat","embeddable":true,"href":"https:\/\/ventspils.citro.lv\/ru\/wp-json\/wp\/v2\/product_cat?post=1198311"},{"taxonomy":"product_tag","embeddable":true,"href":"https:\/\/ventspils.citro.lv\/ru\/wp-json\/wp\/v2\/product_tag?post=1198311"}],"curies":[{"name":"wp","href":"https:\/\/api.w.org\/{rel}","templated":true}]}}