{"id":1198273,"date":"2026-04-24T09:09:55","date_gmt":"2026-04-24T06:09:55","guid":{"rendered":"https:\/\/ventspils.citro.lv\/veikals\/salati-surimi-un-kapostu-citro-300-g\/"},"modified":"2026-04-30T11:40:53","modified_gmt":"2026-04-30T08:40:53","slug":"salati-surimi-un-kapostu-citro-300-g","status":"publish","type":"product","link":"https:\/\/ventspils.citro.lv\/ru\/veikals\/salati-surimi-un-kapostu-citro-300-g\/","title":{"rendered":"Sal\u0101ti Surimi un k\u0101postu Citro 300 g"},"content":{"rendered":"<p>Sast\u0101vda\u013cas: \u0137\u012bnas k\u0101posts, surimi (\u016bdens, surimi 22% (ZIVJU ga\u013ca, stabiliz\u0113t\u0101js:sorb\u012bts, difosf\u0101ti, trifosf\u0101ti, polifosf\u0101ti;cukurs), ciete (satur KVIE\u0160US), augu e\u013c\u013ca (rap\u0161u) , OLAS baltums, SOJAS olbaltumvielas, cukurs, s\u0101ls, gar\u0161as pastiprin\u0101t\u0101ji: E621, E627, E631, kr\u0101svielas: E120, E160c, aromatiz\u0113t\u0101js), majon\u0113ze (rap\u0161u e\u013c\u013ca, \u016bdens, OLU pulveris, V\u0100JPIENA pulveris, cukurs, modific\u0113ta ciete, s\u0101ls, sk\u0101buma regul\u0113t\u0101ji (eti\u0137sk\u0101be, piensk\u0101be),  biezin\u0101t\u0101ji (modific\u0113ta ciete, gu\u0101ra sve\u0137i, ksant\u0101na sve\u0137i), konservanti (k\u0101lija sorb\u0101ts, n\u0101trija benzo\u0101ts)),  gur\u0137is, kukur\u016bza, dilles, p\u0101rtikas s\u0101ls, melni malti pipari. 100 g produkta satur: ener\u0123\u0113tisk\u0101 v\u0113rt\u012bba 687KJ\/163kcal,  tauki 14g, tostarp pies\u0101tin\u0101t\u0101s tauksk\u0101bes 1,1g, og\u013chidr\u0101ti 6,8g tostarp cukurs 2,2g \u0161\u0137iedrvielas 0,3g, olbaltumvielas 2,5g, s\u0101ls 1,1g. Uzglab\u0101\u0161anas temperat\u016bra: +2..+6 C. Izlietot l\u012bdz: nor\u0101d\u012bts uz iepakojuma. Ra\u017eot\u0101js: SIA Di\u0101na Bistro, Andreja iela 5, Ventspils.<\/p>\n","protected":false},"excerpt":{"rendered":"<p>5.63 \u20ac\/kg<\/p>\n","protected":false},"featured_media":1252754,"template":"","meta":{"_acf_changed":false,"inline_featured_image":false},"product_cat":[113,212],"product_tag":[],"acf":[],"aioseo_notices":[],"_links":{"self":[{"href":"https:\/\/ventspils.citro.lv\/ru\/wp-json\/wp\/v2\/product\/1198273"}],"collection":[{"href":"https:\/\/ventspils.citro.lv\/ru\/wp-json\/wp\/v2\/product"}],"about":[{"href":"https:\/\/ventspils.citro.lv\/ru\/wp-json\/wp\/v2\/types\/product"}],"wp:featuredmedia":[{"embeddable":true,"href":"https:\/\/ventspils.citro.lv\/ru\/wp-json\/wp\/v2\/media\/1252754"}],"wp:attachment":[{"href":"https:\/\/ventspils.citro.lv\/ru\/wp-json\/wp\/v2\/media?parent=1198273"}],"wp:term":[{"taxonomy":"product_cat","embeddable":true,"href":"https:\/\/ventspils.citro.lv\/ru\/wp-json\/wp\/v2\/product_cat?post=1198273"},{"taxonomy":"product_tag","embeddable":true,"href":"https:\/\/ventspils.citro.lv\/ru\/wp-json\/wp\/v2\/product_tag?post=1198273"}],"curies":[{"name":"wp","href":"https:\/\/api.w.org\/{rel}","templated":true}]}}