{"id":1195641,"date":"2026-05-02T01:33:03","date_gmt":"2026-05-01T22:33:03","guid":{"rendered":"https:\/\/ventspils.citro.lv\/veikals\/kalmaru-gredzeni-mikla-5-5-6cm-sald-1kg\/"},"modified":"2026-05-02T01:33:16","modified_gmt":"2026-05-01T22:33:16","slug":"kalmaru-gredzeni-mikla-5-5-6cm-sald-1kg","status":"publish","type":"product","link":"https:\/\/ventspils.citro.lv\/ru\/veikals\/kalmaru-gredzeni-mikla-5-5-6cm-sald-1kg\/","title":{"rendered":"Kalm\u0101ru gredzeni m\u012bkl\u0101 5.5-6cm sald.1kg"},"content":{"rendered":"","protected":false},"excerpt":{"rendered":"<p>5.99 \u20ac\/kg<\/p>\n","protected":false},"featured_media":1255615,"template":"","meta":{"_acf_changed":false,"inline_featured_image":false},"product_cat":[571,231],"product_tag":[],"acf":[],"aioseo_notices":[],"_links":{"self":[{"href":"https:\/\/ventspils.citro.lv\/ru\/wp-json\/wp\/v2\/product\/1195641"}],"collection":[{"href":"https:\/\/ventspils.citro.lv\/ru\/wp-json\/wp\/v2\/product"}],"about":[{"href":"https:\/\/ventspils.citro.lv\/ru\/wp-json\/wp\/v2\/types\/product"}],"wp:featuredmedia":[{"embeddable":true,"href":"https:\/\/ventspils.citro.lv\/ru\/wp-json\/wp\/v2\/media\/1255615"}],"wp:attachment":[{"href":"https:\/\/ventspils.citro.lv\/ru\/wp-json\/wp\/v2\/media?parent=1195641"}],"wp:term":[{"taxonomy":"product_cat","embeddable":true,"href":"https:\/\/ventspils.citro.lv\/ru\/wp-json\/wp\/v2\/product_cat?post=1195641"},{"taxonomy":"product_tag","embeddable":true,"href":"https:\/\/ventspils.citro.lv\/ru\/wp-json\/wp\/v2\/product_tag?post=1195641"}],"curies":[{"name":"wp","href":"https:\/\/api.w.org\/{rel}","templated":true}]}}