{"id":1191631,"date":"2026-04-24T11:54:27","date_gmt":"2026-04-24T08:54:27","guid":{"rendered":"https:\/\/ventspils.citro.lv\/veikals\/ledenes-chch-stranger-thing-right-side12gx10gb\/"},"modified":"2026-04-24T11:54:37","modified_gmt":"2026-04-24T08:54:37","slug":"ledenes-chch-stranger-thing-right-side12gx10gb","status":"publish","type":"product","link":"https:\/\/ventspils.citro.lv\/ru\/veikals\/ledenes-chch-stranger-thing-right-side12gx10gb\/","title":{"rendered":"Ledenes CHCH Stranger Thing Right Side12gx10gb"},"content":{"rendered":"<p>Sast\u0101vda\u013cas: (aug\u013cu gar\u0161\u0101m): cukurs, glikozes s\u012brups, aug\u013cu biezenis (\u0101bols, \u0137irsis, avenes, anan\u0101ss, laims, citrons, zemenes, persiks, ban\u0101ns, apels\u012bns, mellenes, kazenes, mango, arb\u016bzs, kivi) (3%), sk\u0101bes (piensk\u0101be, \u0101bolsk\u0101be, citronsk\u0101be), aromatiz\u0113t\u0101ji, kr\u0101svielas (karm\u012bni, kurkum\u012bns). Sast\u0101vda\u013cas (kolas gar\u0161ai): cukurs, glikozes s\u012brups, sk\u0101bes (piensk\u0101be, \u0101bolsk\u0101be, citronsk\u0101be), aromatiz\u0113t\u0101ji, kr\u0101sviela (augogle).<\/p>\n","protected":false},"excerpt":{"rendered":"<p>24.08 \u20ac\/kg<\/p>\n","protected":false},"featured_media":1253428,"template":"","meta":{"_acf_changed":false,"inline_featured_image":false},"product_cat":[533,125],"product_tag":[],"acf":[],"aioseo_notices":[],"_links":{"self":[{"href":"https:\/\/ventspils.citro.lv\/ru\/wp-json\/wp\/v2\/product\/1191631"}],"collection":[{"href":"https:\/\/ventspils.citro.lv\/ru\/wp-json\/wp\/v2\/product"}],"about":[{"href":"https:\/\/ventspils.citro.lv\/ru\/wp-json\/wp\/v2\/types\/product"}],"wp:featuredmedia":[{"embeddable":true,"href":"https:\/\/ventspils.citro.lv\/ru\/wp-json\/wp\/v2\/media\/1253428"}],"wp:attachment":[{"href":"https:\/\/ventspils.citro.lv\/ru\/wp-json\/wp\/v2\/media?parent=1191631"}],"wp:term":[{"taxonomy":"product_cat","embeddable":true,"href":"https:\/\/ventspils.citro.lv\/ru\/wp-json\/wp\/v2\/product_cat?post=1191631"},{"taxonomy":"product_tag","embeddable":true,"href":"https:\/\/ventspils.citro.lv\/ru\/wp-json\/wp\/v2\/product_tag?post=1191631"}],"curies":[{"name":"wp","href":"https:\/\/api.w.org\/{rel}","templated":true}]}}