{"id":1191604,"date":"2026-04-24T11:48:24","date_gmt":"2026-04-24T08:48:24","guid":{"rendered":"https:\/\/ventspils.citro.lv\/veikals\/cipsi-kukuruzas-doritos-krejuma-merces-garsu-100g\/"},"modified":"2026-04-24T11:48:29","modified_gmt":"2026-04-24T08:48:29","slug":"cipsi-kukuruzas-doritos-krejuma-merces-garsu-100g","status":"publish","type":"product","link":"https:\/\/ventspils.citro.lv\/ru\/veikals\/cipsi-kukuruzas-doritos-krejuma-merces-garsu-100g\/","title":{"rendered":"\u010cip\u0161i kukur\u016bzas Doritos kr\u0113juma m\u0113rces gar\u0161u 100g"},"content":{"rendered":"","protected":false},"excerpt":{"rendered":"<p>15.90 \u20ac\/kg<\/p>\n","protected":false},"featured_media":1253401,"template":"","meta":{"_acf_changed":false,"inline_featured_image":false},"product_cat":[125,191],"product_tag":[],"acf":[],"aioseo_notices":[],"_links":{"self":[{"href":"https:\/\/ventspils.citro.lv\/ru\/wp-json\/wp\/v2\/product\/1191604"}],"collection":[{"href":"https:\/\/ventspils.citro.lv\/ru\/wp-json\/wp\/v2\/product"}],"about":[{"href":"https:\/\/ventspils.citro.lv\/ru\/wp-json\/wp\/v2\/types\/product"}],"wp:featuredmedia":[{"embeddable":true,"href":"https:\/\/ventspils.citro.lv\/ru\/wp-json\/wp\/v2\/media\/1253401"}],"wp:attachment":[{"href":"https:\/\/ventspils.citro.lv\/ru\/wp-json\/wp\/v2\/media?parent=1191604"}],"wp:term":[{"taxonomy":"product_cat","embeddable":true,"href":"https:\/\/ventspils.citro.lv\/ru\/wp-json\/wp\/v2\/product_cat?post=1191604"},{"taxonomy":"product_tag","embeddable":true,"href":"https:\/\/ventspils.citro.lv\/ru\/wp-json\/wp\/v2\/product_tag?post=1191604"}],"curies":[{"name":"wp","href":"https:\/\/api.w.org\/{rel}","templated":true}]}}