{"id":1191601,"date":"2026-05-08T04:27:26","date_gmt":"2026-05-08T01:27:26","guid":{"rendered":"https:\/\/ventspils.citro.lv\/veikals\/sausini-flint-kviesu-rudzu-krejums-zalumi-50g\/"},"modified":"2026-05-08T04:27:30","modified_gmt":"2026-05-08T01:27:30","slug":"sausini-flint-kviesu-rudzu-krejums-zalumi-50g","status":"publish","type":"product","link":"https:\/\/ventspils.citro.lv\/ru\/veikals\/sausini-flint-kviesu-rudzu-krejums-zalumi-50g\/","title":{"rendered":"Sausi\u0146i Flint kvie\u0161u-rudzu kr\u0113jums, za\u013cumi 50g"},"content":{"rendered":"","protected":false},"excerpt":{"rendered":"<p>7.80 \u20ac\/kg<\/p>\n","protected":false},"featured_media":1257991,"template":"","meta":{"_acf_changed":false,"inline_featured_image":false},"product_cat":[215,218],"product_tag":[],"acf":[],"aioseo_notices":[],"_links":{"self":[{"href":"https:\/\/ventspils.citro.lv\/ru\/wp-json\/wp\/v2\/product\/1191601"}],"collection":[{"href":"https:\/\/ventspils.citro.lv\/ru\/wp-json\/wp\/v2\/product"}],"about":[{"href":"https:\/\/ventspils.citro.lv\/ru\/wp-json\/wp\/v2\/types\/product"}],"wp:featuredmedia":[{"embeddable":true,"href":"https:\/\/ventspils.citro.lv\/ru\/wp-json\/wp\/v2\/media\/1257991"}],"wp:attachment":[{"href":"https:\/\/ventspils.citro.lv\/ru\/wp-json\/wp\/v2\/media?parent=1191601"}],"wp:term":[{"taxonomy":"product_cat","embeddable":true,"href":"https:\/\/ventspils.citro.lv\/ru\/wp-json\/wp\/v2\/product_cat?post=1191601"},{"taxonomy":"product_tag","embeddable":true,"href":"https:\/\/ventspils.citro.lv\/ru\/wp-json\/wp\/v2\/product_tag?post=1191601"}],"curies":[{"name":"wp","href":"https:\/\/api.w.org\/{rel}","templated":true}]}}