{"id":1191564,"date":"2026-04-24T10:46:39","date_gmt":"2026-04-24T07:46:39","guid":{"rendered":"https:\/\/ventspils.citro.lv\/veikals\/sokolade-tumsa-pergale-85g\/"},"modified":"2026-04-24T10:46:50","modified_gmt":"2026-04-24T07:46:50","slug":"sokolade-tumsa-pergale-85g","status":"publish","type":"product","link":"https:\/\/ventspils.citro.lv\/ru\/veikals\/sokolade-tumsa-pergale-85g\/","title":{"rendered":"\u0160okol\u0101de tum\u0161\u0101 Pergale 85g"},"content":{"rendered":"","protected":false},"excerpt":{"rendered":"<p>17.53 \u20ac\/kg<\/p>\n","protected":false},"featured_media":1253155,"template":"","meta":{"_acf_changed":false,"inline_featured_image":false},"product_cat":[547,125],"product_tag":[],"acf":[],"aioseo_notices":[],"_links":{"self":[{"href":"https:\/\/ventspils.citro.lv\/ru\/wp-json\/wp\/v2\/product\/1191564"}],"collection":[{"href":"https:\/\/ventspils.citro.lv\/ru\/wp-json\/wp\/v2\/product"}],"about":[{"href":"https:\/\/ventspils.citro.lv\/ru\/wp-json\/wp\/v2\/types\/product"}],"wp:featuredmedia":[{"embeddable":true,"href":"https:\/\/ventspils.citro.lv\/ru\/wp-json\/wp\/v2\/media\/1253155"}],"wp:attachment":[{"href":"https:\/\/ventspils.citro.lv\/ru\/wp-json\/wp\/v2\/media?parent=1191564"}],"wp:term":[{"taxonomy":"product_cat","embeddable":true,"href":"https:\/\/ventspils.citro.lv\/ru\/wp-json\/wp\/v2\/product_cat?post=1191564"},{"taxonomy":"product_tag","embeddable":true,"href":"https:\/\/ventspils.citro.lv\/ru\/wp-json\/wp\/v2\/product_tag?post=1191564"}],"curies":[{"name":"wp","href":"https:\/\/api.w.org\/{rel}","templated":true}]}}