{"id":1191549,"date":"2026-01-31T03:00:25","date_gmt":"2026-01-31T01:00:25","guid":{"rendered":"https:\/\/ventspils.citro.lv\/veikals\/konfekte-koslajama-mentos-fanta-37-5g\/"},"modified":"2026-01-31T03:00:36","modified_gmt":"2026-01-31T01:00:36","slug":"konfekte-koslajama-mentos-fanta-37-5g","status":"publish","type":"product","link":"https:\/\/ventspils.citro.lv\/ru\/veikals\/konfekte-koslajama-mentos-fanta-37-5g\/","title":{"rendered":"Konfekte ko\u0161\u013c\u0101jam\u0101 Mentos Fanta 37.5g"},"content":{"rendered":"","protected":false},"excerpt":{"rendered":"<p>26.40 \u20ac\/kg<\/p>\n","protected":false},"featured_media":1204000,"template":"","meta":{"_acf_changed":false,"inline_featured_image":false},"product_cat":[533,125],"product_tag":[],"acf":[],"aioseo_notices":[],"_links":{"self":[{"href":"https:\/\/ventspils.citro.lv\/ru\/wp-json\/wp\/v2\/product\/1191549"}],"collection":[{"href":"https:\/\/ventspils.citro.lv\/ru\/wp-json\/wp\/v2\/product"}],"about":[{"href":"https:\/\/ventspils.citro.lv\/ru\/wp-json\/wp\/v2\/types\/product"}],"wp:featuredmedia":[{"embeddable":true,"href":"https:\/\/ventspils.citro.lv\/ru\/wp-json\/wp\/v2\/media\/1204000"}],"wp:attachment":[{"href":"https:\/\/ventspils.citro.lv\/ru\/wp-json\/wp\/v2\/media?parent=1191549"}],"wp:term":[{"taxonomy":"product_cat","embeddable":true,"href":"https:\/\/ventspils.citro.lv\/ru\/wp-json\/wp\/v2\/product_cat?post=1191549"},{"taxonomy":"product_tag","embeddable":true,"href":"https:\/\/ventspils.citro.lv\/ru\/wp-json\/wp\/v2\/product_tag?post=1191549"}],"curies":[{"name":"wp","href":"https:\/\/api.w.org\/{rel}","templated":true}]}}